{"id":1185,"date":"2022-10-07T17:14:40","date_gmt":"2022-10-07T17:14:40","guid":{"rendered":"http:\/\/eveliorojas.com\/?page_id=1185"},"modified":"2023-06-02T02:57:54","modified_gmt":"2023-06-02T02:57:54","slug":"inc","status":"publish","type":"page","link":"https:\/\/eveliorojas.com\/index.php\/inc\/","title":{"rendered":"Asesor\u00eda y Productos PDA Internacional INC"},"content":{"rendered":"\t\t<div data-elementor-type=\"wp-page\" data-elementor-id=\"1185\" class=\"elementor elementor-1185\">\n\t\t\t\t\t\t<section class=\"elementor-section elementor-top-section elementor-element elementor-element-0ea8880 elementor-section-boxed elementor-section-height-default elementor-section-height-default\" data-id=\"0ea8880\" data-element_type=\"section\">\n\t\t\t\t\t\t<div class=\"elementor-container elementor-column-gap-default\">\n\t\t\t\t\t<div class=\"elementor-column elementor-col-100 elementor-top-column elementor-element elementor-element-799ea59\" data-id=\"799ea59\" data-element_type=\"column\">\n\t\t\t<div class=\"elementor-widget-wrap elementor-element-populated\">\n\t\t\t\t\t\t<div class=\"elementor-element elementor-element-b8023dc elementor-widget elementor-widget-heading\" data-id=\"b8023dc\" data-element_type=\"widget\" data-widget_type=\"heading.default\">\n\t\t\t\t<div class=\"elementor-widget-container\">\n\t\t\t\t\t<h2 class=\"elementor-heading-title elementor-size-default\"><span style=\"font-family: inherit;font-size: 28px\"> <\/span><b>PDA Internacional INC<\/b><br>              <b>Partner<\/b><br><\/h2>\t\t\t\t<\/div>\n\t\t\t\t<\/div>\n\t\t\t\t\t<\/div>\n\t\t<\/div>\n\t\t\t\t\t<\/div>\n\t\t<\/section>\n\t\t\t\t<section class=\"elementor-section elementor-top-section elementor-element elementor-element-67fb382 elementor-section-boxed elementor-section-height-default elementor-section-height-default\" data-id=\"67fb382\" data-element_type=\"section\">\n\t\t\t\t\t\t<div class=\"elementor-container elementor-column-gap-default\">\n\t\t\t\t\t<div class=\"elementor-column elementor-col-100 elementor-top-column elementor-element elementor-element-82ca8b3\" data-id=\"82ca8b3\" data-element_type=\"column\">\n\t\t\t<div class=\"elementor-widget-wrap elementor-element-populated\">\n\t\t\t\t\t\t<div class=\"elementor-element elementor-element-a95be87 elementor-widget elementor-widget-text-editor\" data-id=\"a95be87\" data-element_type=\"widget\" data-widget_type=\"text-editor.default\">\n\t\t\t\t<div class=\"elementor-widget-container\">\n\t\t\t\t\t\t\t\t\t<p style=\"padding-left: 40px; text-align: left;\"><span style=\"color: #000000; font-family: arial, helvetica, sans-serif;\"><b>Servicios y productos PDA Internacional INC.<\/b><\/span><\/p><p style=\"text-align: justify; padding-left: 40px;\"><span style=\"color: #000000; font-family: arial, helvetica, sans-serif;\"><b>El PDA (Personal Development Analysis) es un assessment que, a trav\u00e9s de una metodolog\u00eda simple, precisa y cient\u00edficamente comprobada, permite describir y analizar el perfil conductual de las personas e identificar sus talentos, sus principales habilidades, sus motivaciones, puntos fuertes y \u00e1reas a desarrollar.<\/b><\/span><\/p><ul><li><span style=\"color: #000000; font-family: arial, helvetica, sans-serif;\"><b>Mejora el performance de equipos comerciales.<\/b><\/span><\/li><li><b style=\"color: #000000; font-family: arial, helvetica, sans-serif; font-size: 1em;\">Ahorro en procesos de capacitaci\u00f3n identificando perfectamente el perfil.<\/b><\/li><\/ul><p style=\"text-align: justify; padding-left: 40px;\"><b style=\"font-size: 1em; color: #000000; font-family: arial, helvetica, sans-serif;\">1. Perfil conductual.<\/b><\/p><p style=\"text-align: justify; padding-left: 40px;\"><b style=\"color: #000000; font-family: arial, helvetica, sans-serif; font-size: 1em;\">Validado por la AIOBP USA.<\/b><br \/><span style=\"font-size: 1em; color: #000000; font-family: arial, helvetica, sans-serif;\"><b>86% de validez.<\/b><\/span><\/p><p style=\"text-align: justify; padding-left: 40px;\"><b style=\"font-size: 1em; color: #000000; font-family: arial, helvetica, sans-serif;\">2. Perfil contra puestos &#8211; Competencias.<\/b><\/p><ul><li><span style=\"color: #000000; font-family: arial, helvetica, sans-serif;\"><b>Leadership Matching.<\/b><\/span><\/li><li><span style=\"color: #000000; font-family: arial, helvetica, sans-serif;\"><b>Mapeo de Equipos \u2013 Tendencias grupales.<\/b><\/span><\/li><li><span style=\"color: #000000; font-family: arial, helvetica, sans-serif;\"><b>Identificaci\u00f3n conductual de la organizaci\u00f3n.<\/b><\/span><\/li><\/ul><p style=\"text-align: justify; padding-left: 40px;\"><span style=\"color: #000000; font-family: arial, helvetica, sans-serif;\"><b>3. PDA Feedback 360\u00b0.\u00a0<\/b><\/span><\/p><ul><li><span style=\"color: #000000; font-family: arial, helvetica, sans-serif;\"><b>Detecta necesidades de formaci\u00f3n y desarrollo en el talento de tu empresa.<\/b><\/span><\/li><\/ul><p style=\"text-align: justify; padding-left: 40px;\"><span style=\"color: #000000; font-family: arial, helvetica, sans-serif;\"><b>4. PDA TOV. Test de Orientaci\u00f3n Vocacional PDA<\/b><\/span><\/p><ul><li><span style=\"color: #000000; font-family: arial, helvetica, sans-serif;\"><b>El Test de Orientaci\u00f3n Vocacional PDA permite generar un reporte completo de preferencias, competencias, habilidades (inteligencias m\u00faltiples) y recomendaciones de carreras que busca orientar a las personas en la toma de decisiones con respecto a su futuro acad\u00e9mico y profesional.<\/b><\/span><\/li><\/ul><p style=\"text-align: justify; padding-left: 40px;\"><span style=\"color: #000000; font-family: arial, helvetica, sans-serif;\"><b>5. PDA Cultura<\/b><\/span><\/p><ul><li><span style=\"color: #000000; font-family: arial, helvetica, sans-serif;\"><b>Favorece la planificaci\u00f3n de acciones enfocadas en el logro de objetivos deseados.<\/b><\/span><\/li><li><span style=\"color: #000000; font-family: arial, helvetica, sans-serif;\"><b>Identifica brechas.<\/b><\/span><\/li><li><span style=\"color: #000000; font-family: arial, helvetica, sans-serif;\"><b>Mide cultura deseada por la Organizaci\u00f3n. De cultura actual a cultura objetivo.<\/b><\/span><\/li><li><span style=\"color: #000000; font-family: arial, helvetica, sans-serif;\"><b>\u00a0Mejora conductas alineadas a la necesidad de la organizaci\u00f3n.<\/b><\/span><\/li><\/ul><p style=\"text-align: justify; padding-left: 40px;\">\u00a0<\/p><div style=\"text-align: justify;\">\u00a0 \u00a0 \u00a0 \u00a0 \u00a0 \u00a0<b style=\"color: #000000; font-family: arial, helvetica, sans-serif; font-size: 1em;\">6. Asesor\u00eda integral a las realidades del lenguaje de PDA<\/b><\/div><p style=\"text-align: justify; padding-left: 40px;\"><span style=\"font-size: 1em; font-family: arial, helvetica, sans-serif; color: #000000;\">El Assessment PDA\u00a0 del\u00a0<\/span><span style=\"font-size: 1em; color: #000000; font-family: arial, helvetica, sans-serif;\">Perfil conductual:\u00a0<\/span><\/p><ul><li><span style=\"color: #000000; font-family: arial, helvetica, sans-serif; font-size: 1em;\">Alineamos a los colaboradores con el assessment de PDA, como la causa del crecimiento profesional y econ\u00f3mico de la empresa.<\/span><\/li><li><span style=\"color: #000000; font-family: arial, helvetica, sans-serif; font-size: 1em;\">Cada colaborador es \u00fanico y dependiendo de su pasi\u00f3n intr\u00ednseca tendr\u00e1n unos resultados en sus ventas.<\/span><\/li><li><span style=\"color: #000000; font-family: arial, helvetica, sans-serif; font-size: 1em;\">Llevarlos a tener ambiciones altas en todos sus dominios, como seres humanos y colaboradores, para retarse y superar sus estimados de ventas y desarrollar las habilidades y competencias requeridas para esos retos.<\/span><\/li><li><span style=\"color: #000000; font-family: arial, helvetica, sans-serif; font-size: 1em;\">Plan de ventas profesional.<\/span><\/li><\/ul><p><strong style=\"font-size: 1em; color: #000000; font-family: arial, helvetica, sans-serif;\">Reportes a entregar:<\/strong><\/p><ul><li><span style=\"font-family: arial, helvetica, sans-serif; color: #000000;\"><b>Reporte perfil conductual a cada colaborador.<\/b><\/span><\/li><li><span style=\"font-family: arial, helvetica, sans-serif; color: #000000;\">Leadership Matching: Describe aspectos claves para consolidar la relaci\u00f3n y comunicaci\u00f3n entre l\u00edder y colaborador. Para realizarlo tiene que estar el l\u00edder con sus colaboradores en el programa.<\/span><\/li><li><span style=\"font-family: arial, helvetica, sans-serif; color: #000000;\">Reporte tendencias grupales: Identifica las tendencias de comportamientos de tus equipos.<\/span><\/li><li><span style=\"font-family: arial, helvetica, sans-serif; color: #000000;\">Reporte compatibilidad de competencias. Individual y grupal: Describe la compatibilidad entre una o m\u00e1s personas evaluadas y las competencias predefinidas por PDA.<\/span><\/li><li><span style=\"font-family: arial, helvetica, sans-serif; color: #000000;\">Reporte compatibilidad de puestos. Por definir el puesto con la empresa.<\/span><\/li><\/ul>\t\t\t\t\t\t\t\t<\/div>\n\t\t\t\t<\/div>\n\t\t\t\t\t<\/div>\n\t\t<\/div>\n\t\t\t\t\t<\/div>\n\t\t<\/section>\n\t\t\t\t<section class=\"elementor-section elementor-top-section elementor-element elementor-element-a1ce1e8 elementor-section-boxed elementor-section-height-default elementor-section-height-default\" data-id=\"a1ce1e8\" data-element_type=\"section\">\n\t\t\t\t\t\t<div class=\"elementor-container elementor-column-gap-default\">\n\t\t\t\t\t<div class=\"elementor-column elementor-col-100 elementor-top-column elementor-element elementor-element-e6b7395\" data-id=\"e6b7395\" data-element_type=\"column\">\n\t\t\t<div class=\"elementor-widget-wrap\">\n\t\t\t\t\t\t\t<\/div>\n\t\t<\/div>\n\t\t\t\t\t<\/div>\n\t\t<\/section>\n\t\t\t\t<\/div>\n\t\t","protected":false},"excerpt":{"rendered":"<p>PDA Internacional INC Partner Servicios y productos PDA Internacional INC. El PDA (Personal Development Analysis) es un assessment que, a trav\u00e9s de una metodolog\u00eda simple, precisa y cient\u00edficamente comprobada, permite describir y analizar el perfil conductual de las personas e identificar sus talentos, sus principales habilidades, sus motivaciones, puntos fuertes y \u00e1reas a desarrollar. Mejora el performance de equipos comerciales. Ahorro en procesos de capacitaci\u00f3n identificando perfectamente el perfil. 1. Perfil conductual. Validado por la AIOBP USA.86% de validez. 2.&hellip;<\/p>\n","protected":false},"author":1,"featured_media":0,"parent":0,"menu_order":0,"comment_status":"closed","ping_status":"closed","template":"","meta":{"_joinchat":[],"footnotes":""},"class_list":["post-1185","page","type-page","status-publish","hentry"],"_links":{"self":[{"href":"https:\/\/eveliorojas.com\/index.php\/wp-json\/wp\/v2\/pages\/1185","targetHints":{"allow":["GET"]}}],"collection":[{"href":"https:\/\/eveliorojas.com\/index.php\/wp-json\/wp\/v2\/pages"}],"about":[{"href":"https:\/\/eveliorojas.com\/index.php\/wp-json\/wp\/v2\/types\/page"}],"author":[{"embeddable":true,"href":"https:\/\/eveliorojas.com\/index.php\/wp-json\/wp\/v2\/users\/1"}],"replies":[{"embeddable":true,"href":"https:\/\/eveliorojas.com\/index.php\/wp-json\/wp\/v2\/comments?post=1185"}],"version-history":[{"count":38,"href":"https:\/\/eveliorojas.com\/index.php\/wp-json\/wp\/v2\/pages\/1185\/revisions"}],"predecessor-version":[{"id":4009,"href":"https:\/\/eveliorojas.com\/index.php\/wp-json\/wp\/v2\/pages\/1185\/revisions\/4009"}],"wp:attachment":[{"href":"https:\/\/eveliorojas.com\/index.php\/wp-json\/wp\/v2\/media?parent=1185"}],"curies":[{"name":"wp","href":"https:\/\/api.w.org\/{rel}","templated":true}]}}