{"id":1365,"date":"2023-04-13T14:35:57","date_gmt":"2023-04-13T14:35:57","guid":{"rendered":"http:\/\/eveliorojas.com\/?page_id=1365"},"modified":"2025-08-01T21:20:52","modified_gmt":"2025-08-01T21:20:52","slug":"benef-org","status":"publish","type":"page","link":"https:\/\/eveliorojas.com\/index.php\/benef-org\/","title":{"rendered":"PEVAC B2B Las Cuatro Etapas"},"content":{"rendered":"\t\t<div data-elementor-type=\"wp-page\" data-elementor-id=\"1365\" class=\"elementor elementor-1365\">\n\t\t\t\t\t\t<section class=\"elementor-section elementor-top-section elementor-element elementor-element-0d8d73d elementor-section-boxed elementor-section-height-default elementor-section-height-default\" data-id=\"0d8d73d\" data-element_type=\"section\">\n\t\t\t\t\t\t<div class=\"elementor-container elementor-column-gap-default\">\n\t\t\t\t\t<div class=\"elementor-column elementor-col-100 elementor-top-column elementor-element elementor-element-11b330f\" data-id=\"11b330f\" data-element_type=\"column\">\n\t\t\t<div class=\"elementor-widget-wrap\">\n\t\t\t\t\t\t\t<\/div>\n\t\t<\/div>\n\t\t\t\t\t<\/div>\n\t\t<\/section>\n\t\t\t\t<section class=\"elementor-section elementor-top-section elementor-element elementor-element-6723aa1b elementor-section-boxed elementor-section-height-default elementor-section-height-default\" data-id=\"6723aa1b\" data-element_type=\"section\">\n\t\t\t\t\t\t<div class=\"elementor-container elementor-column-gap-default\">\n\t\t\t\t\t<div class=\"elementor-column elementor-col-100 elementor-top-column elementor-element elementor-element-7c53eb0b\" data-id=\"7c53eb0b\" data-element_type=\"column\">\n\t\t\t<div class=\"elementor-widget-wrap elementor-element-populated\">\n\t\t\t\t\t\t<div class=\"elementor-element elementor-element-760899e7 elementor-widget elementor-widget-text-editor\" data-id=\"760899e7\" data-element_type=\"widget\" data-widget_type=\"text-editor.default\">\n\t\t\t\t<div class=\"elementor-widget-container\">\n\t\t\t\t\t\t\t\t\t<p style=\"text-align: center;\"><span style=\"font-family: arial, helvetica, sans-serif; font-size: 18pt;\"><strong>Programa El Viaje Al Crecimiento<\/strong><\/span><\/p>\n<p style=\"text-align: center;\"><span style=\"font-family: arial, helvetica, sans-serif; font-size: 18pt;\"><strong>Las 4 Etapas del PEVAC B2B<\/strong><\/span><\/p>\n<p style=\"text-align: left;\"><span style=\"font-family: arial, helvetica, sans-serif; font-size: 14pt;\"><b>Metodolog\u00eda:<\/b><\/span><\/p>\n<p><span style=\"font-family: arial, helvetica, sans-serif; font-size: 14pt;\"><strong style=\"background-color: #ffffff;\">Introducci\u00f3n:<\/strong><strong><br \/><\/strong><\/span><\/p>\n<p><span style=\"font-family: arial, helvetica, sans-serif; font-size: 14pt;\">La metodolog\u00eda del<b> PEVAC B2B <\/b>se estructura en cuatro etapas clave que integran autoconocimiento, desarrollo de habilidades, implementaci\u00f3n estrat\u00e9gica y consolidaci\u00f3n de resultados. Cada etapa est\u00e1 dise\u00f1ada para potenciar tanto el crecimiento personal como profesional de los participantes, alineando sus motivadores internos con los objetivos organizacionales de crecimiento para lograr un desempe\u00f1o de alto impacto.<\/span><\/p>\n<div>\n<p style=\"color: #062961; font-family: 'YAFdJjbTu24 1', _fb_, auto; --cyv3zq: 16.3061px; --gjplxq: 1.4; letter-spacing: 0.1em; line-height: 22px; text-align: center;\"><span style=\"font-weight: bold; font-kerning: none; font-family: arial, helvetica, sans-serif; font-size: 18pt;\">\u00bfQu\u00e9 dicen mis clientes?<\/span><\/p>\n<p style=\"color: #062961; font-family: 'YAFdJjbTu24 1', _fb_, auto; --cyv3zq: 16.3061px; --gjplxq: 1.4; letter-spacing: 0.1em; line-height: 22px; text-align: left;\"><span style=\"font-family: arial, helvetica, sans-serif; font-size: 14pt;\"><span style=\"font-weight: bold; font-kerning: none;\">Evaluaciones de los participantes en nuestro\u00a0<\/span><span style=\"background-color: #ffffff; font-weight: bold; color: #012363;\">PEVAC B2B<\/span><span style=\"font-weight: bold; letter-spacing: 0.1em;\">:<\/span><\/span><\/p>\n<p style=\"color: #062961; font-family: 'YAFdJjbTu24 1', _fb_, auto; --cyv3zq: 16.3061px; --gjplxq: 1.4; letter-spacing: 0.1em; line-height: 22px;\"><span style=\"font-family: arial, helvetica, sans-serif; font-size: 14pt;\"><span style=\"font-weight: bold; font-kerning: none;\">Etapa 1.<\/span><span style=\"font-kerning: none;\"><span style=\"color: #000000;\"> Realizaci\u00f3n del assessment PDA.<\/span> <strong>Evaluaci\u00f3n 94%.<\/strong><\/span><\/span><\/p>\n<p style=\"color: #062961; font-family: 'YAFdJjbTu24 1', _fb_, auto; --cyv3zq: 16.3061px; --gjplxq: 1.4; letter-spacing: 0.1em; line-height: 22px;\"><span style=\"font-family: arial, helvetica, sans-serif; font-size: 14pt;\"><span style=\"background-color: #ffffff; font-weight: bold; letter-spacing: 1.6px;\">Etapa<\/span><span style=\"background-color: #ffffff; font-weight: bold; letter-spacing: 1.6px;\">\u00a0<\/span><span style=\"font-weight: bold; font-kerning: none;\">2.<\/span><span style=\"font-kerning: none;\"><span style=\"color: #000000;\"> Taller Ventas En Crecimiento.<\/span> <strong>Evaluaci\u00f3n 94%.<\/strong><\/span><\/span><\/p>\n<p style=\"color: #062961; font-family: 'YAFdJjbTu24 1', _fb_, auto; --cyv3zq: 16.3061px; --gjplxq: 1.4; letter-spacing: 0.1em; line-height: 22px;\"><span style=\"font-family: arial, helvetica, sans-serif; font-size: 14pt;\"><span style=\"background-color: #ffffff; font-weight: bold; letter-spacing: 1.6px;\">Etapa<\/span><span style=\"background-color: #ffffff; font-weight: bold; letter-spacing: 1.6px;\">\u00a0<\/span><span style=\"font-weight: bold; font-kerning: none;\">3.<\/span><span style=\"font-kerning: none; color: #000000;\"> Secciones de coaching de equipo. <strong>Evaluaci\u00f3n 95%.<\/strong><\/span><\/span><\/p>\n<p style=\"color: #062961; font-family: 'YAFdJjbTu24 1', _fb_, auto; --cyv3zq: 16.3061px; --gjplxq: 1.4; letter-spacing: 0.1em; line-height: 22px;\"><span style=\"font-family: arial, helvetica, sans-serif; font-size: 14pt; font-weight: bold; letter-spacing: 1.6px; background-color: #ffffff;\">Etapa 4. A partir de los programas del a\u00f1o 2025 la tendremos disponible.<\/span><\/p>\n<p style=\"color: #062961; font-family: 'YAFdJjbTu24 1', _fb_, auto; --cyv3zq: 16.3061px; --gjplxq: 1.4; letter-spacing: 0.1em; line-height: 22px;\"><span style=\"font-family: arial, helvetica, sans-serif; font-size: 14pt;\"><span style=\"letter-spacing: 0.1em; font-weight: bold; font-kerning: none;\">Programa El Viaje Al Crecimiento.<\/span><strong style=\"letter-spacing: 0.1em;\"><span style=\"font-kerning: none;\"> Evaluaci\u00f3n 95%<\/span><\/strong><\/span><\/p>\n<\/div>\n<p><!-- \/wp:tadv\/classic-paragraph --><\/p>\t\t\t\t\t\t\t\t<\/div>\n\t\t\t\t<\/div>\n\t\t\t\t<div class=\"elementor-element elementor-element-0246629 elementor-widget__width-initial elementor-widget elementor-widget-image\" data-id=\"0246629\" data-element_type=\"widget\" data-widget_type=\"image.default\">\n\t\t\t\t<div class=\"elementor-widget-container\">\n\t\t\t\t\t\t\t\t\t\t\t\t\t\t\t<img fetchpriority=\"high\" decoding=\"async\" width=\"640\" height=\"320\" src=\"https:\/\/eveliorojas.com\/wp-content\/uploads\/2023\/05\/Crea-un-futuro-prospero-para-tu-empresa-con-nuestro-entrenamiento-personalizado-768x384.png\" class=\"attachment-medium_large size-medium_large wp-image-2172\" alt=\"\" srcset=\"https:\/\/eveliorojas.com\/wp-content\/uploads\/2023\/05\/Crea-un-futuro-prospero-para-tu-empresa-con-nuestro-entrenamiento-personalizado-768x384.png 768w, https:\/\/eveliorojas.com\/wp-content\/uploads\/2023\/05\/Crea-un-futuro-prospero-para-tu-empresa-con-nuestro-entrenamiento-personalizado-300x150.png 300w, https:\/\/eveliorojas.com\/wp-content\/uploads\/2023\/05\/Crea-un-futuro-prospero-para-tu-empresa-con-nuestro-entrenamiento-personalizado.png 1000w\" sizes=\"(max-width: 640px) 100vw, 640px\" \/>\t\t\t\t\t\t\t\t\t\t\t\t\t\t\t<\/div>\n\t\t\t\t<\/div>\n\t\t\t\t<div class=\"elementor-element elementor-element-3e195bd elementor-widget__width-initial elementor-widget elementor-widget-image\" data-id=\"3e195bd\" data-element_type=\"widget\" data-widget_type=\"image.default\">\n\t\t\t\t<div class=\"elementor-widget-container\">\n\t\t\t\t\t\t\t\t\t\t\t\t\t\t\t<img decoding=\"async\" width=\"510\" height=\"456\" src=\"https:\/\/eveliorojas.com\/wp-content\/uploads\/2024\/10\/autococimiento.png\" class=\"attachment-2048x2048 size-2048x2048 wp-image-4674\" alt=\"\" srcset=\"https:\/\/eveliorojas.com\/wp-content\/uploads\/2024\/10\/autococimiento.png 510w, https:\/\/eveliorojas.com\/wp-content\/uploads\/2024\/10\/autococimiento-300x268.png 300w, https:\/\/eveliorojas.com\/wp-content\/uploads\/2024\/10\/autococimiento-130x116.png 130w\" sizes=\"(max-width: 510px) 100vw, 510px\" \/>\t\t\t\t\t\t\t\t\t\t\t\t\t\t\t<\/div>\n\t\t\t\t<\/div>\n\t\t\t\t<div class=\"elementor-element elementor-element-eede8f1 elementor-widget elementor-widget-text-editor\" data-id=\"eede8f1\" data-element_type=\"widget\" data-widget_type=\"text-editor.default\">\n\t\t\t\t<div class=\"elementor-widget-container\">\n\t\t\t\t\t\t\t\t\t<p style=\"text-align: center;\"><span style=\"font-size: 18pt;\"><strong style=\"font-family: arial, helvetica, sans-serif;\"><span style=\"color: #062961; font-kerning: none;\">Metodolog\u00eda De PEVAC B2B Etapa 1.\u00a0<\/span><\/strong><\/span><\/p>\n<p><span style=\"font-family: arial, helvetica, sans-serif; font-size: 14pt;\"><strong><span style=\"color: #062961; font-kerning: none;\">Contenido:<\/span><\/strong><\/span><\/p>\n<p><span style=\"font-family: arial, helvetica, sans-serif; font-size: 14pt;\">La <strong>Etapa 1<\/strong> del <b>PEVAC B2B <\/b>se enfoca en el <strong>autoconocimiento<\/strong> mediante el assessment PDA, permitiendo a los participantes identificar sus motivadores naturales y alinear sus talentos con su desempe\u00f1o profesional. A trav\u00e9s de sesiones de coaching y asesor\u00eda en PDA, se potencia el desarrollo individual, generando pasi\u00f3n, innovaci\u00f3n y creatividad, lo que lleva a una mayor satisfacci\u00f3n y eficiencia en el trabajo.<\/span><\/p>\n<p><span style=\"font-family: arial, helvetica, sans-serif; font-size: 14pt;\">\u00a0<b>1.1.<\/b>\u00a0<span style=\"font-weight: bold; color: #062961; letter-spacing: 0.1em;\">Autoconocimiento a trav\u00e9s del assessment PDA:<\/span><\/span><\/p>\n<ul style=\"background-color: #ffffff;\">\n<li><span style=\"color: #062961; font-kerning: none; font-family: arial, helvetica, sans-serif; font-size: 14pt;\">Sesi\u00f3n de coaching ejecutivo. Feedback personal a cada participante del reporte conductual del assessment PDA.<\/span><\/li><\/ul><\/div><\/div><\/div><\/div><\/div><\/section><\/div> <a href=\"https:\/\/eveliorojas.com\/index.php\/benef-org\/#more-1365\" class=\"more-link elementor-more-link\"><span aria-label=\"Continuar leyendo PEVAC B2B Las Cuatro Etapas\">(m\u00e1s&hellip;)<\/span><\/a>","protected":false},"excerpt":{"rendered":"<p>Programa El Viaje Al Crecimiento Las 4 Etapas del PEVAC B2B Metodolog\u00eda: Introducci\u00f3n: La metodolog\u00eda del PEVAC B2B se estructura en cuatro etapas clave que integran autoconocimiento, desarrollo de habilidades, implementaci\u00f3n estrat\u00e9gica y consolidaci\u00f3n de resultados. Cada etapa est\u00e1 dise\u00f1ada para potenciar tanto el crecimiento personal como profesional de los participantes, alineando sus motivadores internos con los objetivos organizacionales de crecimiento para lograr un desempe\u00f1o de alto impacto. \u00bfQu\u00e9 dicen mis clientes? Evaluaciones de los participantes en nuestro\u00a0PEVAC B2B: Etapa&hellip;<\/p>\n","protected":false},"author":1,"featured_media":0,"parent":0,"menu_order":0,"comment_status":"closed","ping_status":"closed","template":"","meta":{"_joinchat":[],"footnotes":""},"class_list":["post-1365","page","type-page","status-publish","hentry"],"_links":{"self":[{"href":"https:\/\/eveliorojas.com\/index.php\/wp-json\/wp\/v2\/pages\/1365","targetHints":{"allow":["GET"]}}],"collection":[{"href":"https:\/\/eveliorojas.com\/index.php\/wp-json\/wp\/v2\/pages"}],"about":[{"href":"https:\/\/eveliorojas.com\/index.php\/wp-json\/wp\/v2\/types\/page"}],"author":[{"embeddable":true,"href":"https:\/\/eveliorojas.com\/index.php\/wp-json\/wp\/v2\/users\/1"}],"replies":[{"embeddable":true,"href":"https:\/\/eveliorojas.com\/index.php\/wp-json\/wp\/v2\/comments?post=1365"}],"version-history":[{"count":164,"href":"https:\/\/eveliorojas.com\/index.php\/wp-json\/wp\/v2\/pages\/1365\/revisions"}],"predecessor-version":[{"id":5528,"href":"https:\/\/eveliorojas.com\/index.php\/wp-json\/wp\/v2\/pages\/1365\/revisions\/5528"}],"wp:attachment":[{"href":"https:\/\/eveliorojas.com\/index.php\/wp-json\/wp\/v2\/media?parent=1365"}],"curies":[{"name":"wp","href":"https:\/\/api.w.org\/{rel}","templated":true}]}}