{"id":1373,"date":"2023-04-13T14:54:15","date_gmt":"2023-04-13T14:54:15","guid":{"rendered":"http:\/\/eveliorojas.com\/?page_id=1373"},"modified":"2024-10-19T20:33:58","modified_gmt":"2024-10-19T20:33:58","slug":"autoconocimiento-singularidad","status":"publish","type":"page","link":"https:\/\/eveliorojas.com\/index.php\/autoconocimiento-singularidad\/","title":{"rendered":"Autoconocimiento y Singularidad"},"content":{"rendered":"\t\t<div data-elementor-type=\"wp-page\" data-elementor-id=\"1373\" class=\"elementor elementor-1373\">\n\t\t\t\t\t\t<section class=\"elementor-section elementor-top-section elementor-element elementor-element-7aff867 elementor-section-boxed elementor-section-height-default elementor-section-height-default\" data-id=\"7aff867\" data-element_type=\"section\">\n\t\t\t\t\t\t<div class=\"elementor-container elementor-column-gap-default\">\n\t\t\t\t\t<div class=\"elementor-column elementor-col-100 elementor-top-column elementor-element elementor-element-83afcfa\" data-id=\"83afcfa\" data-element_type=\"column\">\n\t\t\t<div class=\"elementor-widget-wrap elementor-element-populated\">\n\t\t\t\t\t\t<div class=\"elementor-element elementor-element-094a35e elementor-widget elementor-widget-image\" data-id=\"094a35e\" data-element_type=\"widget\" data-widget_type=\"image.default\">\n\t\t\t\t<div class=\"elementor-widget-container\">\n\t\t\t\t\t\t\t\t\t\t\t\t\t\t\t<img fetchpriority=\"high\" decoding=\"async\" width=\"717\" height=\"371\" src=\"https:\/\/eveliorojas.com\/wp-content\/uploads\/2024\/10\/AVION.png\" class=\"attachment-full size-full wp-image-4488\" alt=\"\" srcset=\"https:\/\/eveliorojas.com\/wp-content\/uploads\/2024\/10\/AVION.png 717w, https:\/\/eveliorojas.com\/wp-content\/uploads\/2024\/10\/AVION-300x155.png 300w, https:\/\/eveliorojas.com\/wp-content\/uploads\/2024\/10\/AVION-224x116.png 224w\" sizes=\"(max-width: 717px) 100vw, 717px\" \/>\t\t\t\t\t\t\t\t\t\t\t\t\t\t\t<\/div>\n\t\t\t\t<\/div>\n\t\t\t\t\t<\/div>\n\t\t<\/div>\n\t\t\t\t\t<\/div>\n\t\t<\/section>\n\t\t\t\t<section class=\"elementor-section elementor-top-section elementor-element elementor-element-16aba581 elementor-section-boxed elementor-section-height-default elementor-section-height-default\" data-id=\"16aba581\" data-element_type=\"section\">\n\t\t\t\t\t\t<div class=\"elementor-container elementor-column-gap-default\">\n\t\t\t\t\t<div class=\"elementor-column elementor-col-100 elementor-top-column elementor-element elementor-element-38c19733\" data-id=\"38c19733\" data-element_type=\"column\">\n\t\t\t<div class=\"elementor-widget-wrap elementor-element-populated\">\n\t\t\t\t\t\t<div class=\"elementor-element elementor-element-e03c23f elementor-widget elementor-widget-text-editor\" data-id=\"e03c23f\" data-element_type=\"widget\" data-widget_type=\"text-editor.default\">\n\t\t\t\t<div class=\"elementor-widget-container\">\n\t\t\t\t\t\t\t\t\t<p><\/p>\n<p style=\"text-align: center;\"><span style=\"color: #000000; font-size: 14pt;\"><b>El Autoconocimiento y la Singularidad de los colaboradores\u00a0<\/b><\/span><\/p>\n<p style=\"text-align: justify;\"><span style=\"color: #000000; font-size: 14pt;\">Son factores clave para el crecimiento econ\u00f3mico de las organizaciones. Cuando las organizaciones fomentan un ambiente en el que los colaboradores pueden ser aut\u00e9nticos y desarrollar sus habilidades \u00fanicas, mejoran el desempe\u00f1o, la innovaci\u00f3n y la retenci\u00f3n de talentos, su reputaci\u00f3n de marca conducen a un mayor crecimiento econ\u00f3mico para la organizaci\u00f3n.<\/span><\/p>\n<p style=\"text-align: justify;\"><span style=\"font-size: 18pt;\"><strong><span style=\"color: #000000;\">Los beneficios incluyen:<\/span><\/strong><\/span><\/p>\n<ul>\n<li style=\"text-align: justify;\"><span style=\"color: #000000; font-size: 14pt;\"><strong>Mejora del desempe\u00f1o:<\/strong> Cuando los colaboradores tienen una comprensi\u00f3n clara de sus fortalezas y debilidades, pueden enfocarse en desarrollar sus habilidades y mejorar su desempe\u00f1o en el trabajo. Esto aumentan la productividad y la eficiencia, lo que conducen a un mayor crecimiento econ\u00f3mico para la organizaci\u00f3n.<\/span><\/li>\n<li style=\"text-align: justify;\"><span style=\"color: #000000; font-size: 14pt;\"><strong>Innovaci\u00f3n:<\/strong> Cuando los colaboradores son alentados a explorar su singularidad, y a ser aut\u00e9nticos, son m\u00e1s probables a pensar fuera de la caja y proponer nuevas ideas innovadoras para la organizaci\u00f3n. Da lugar a la introducci\u00f3n de nuevos productos o servicios, lo que conducen a un mayor crecimiento econ\u00f3mico para la organizaci\u00f3n.<\/span><\/li>\n<li style=\"text-align: justify;\"><span style=\"color: #000000; font-size: 14pt;\"><strong>Retenci\u00f3n de talentos:<\/strong> Cuando las organizaciones se constituyen y valoran la singularidad de sus colaboradores, es seguro que se sientan comprometidos con la organizaci\u00f3n y est\u00e9n destinados a permanecer a largo plazo. Esto reducen los costos asociados con la rotaci\u00f3n de personal y permitir que la organizaci\u00f3n mantenga a sus mejores talentos.<\/span><\/li>\n<li style=\"text-align: justify;\"><span style=\"color: #000000; font-size: 14pt;\"><strong>Mejora de la marca:<\/strong> Cuando las organizaciones promueven la singularidad de sus colaboradores, gana una reputaci\u00f3n como una organizaci\u00f3n inclusiva y diversa. Esto atrae a clientes y colaboradores potenciales, conduce a un mayor crecimiento econ\u00f3mico para la organizaci\u00f3n.<\/span><\/li>\n<\/ul>\n<p><\/p>\t\t\t\t\t\t\t\t<\/div>\n\t\t\t\t<\/div>\n\t\t\t\t\t<\/div>\n\t\t<\/div>\n\t\t\t\t\t<\/div>\n\t\t<\/section>\n\t\t\t\t<\/div>\n\t\t","protected":false},"excerpt":{"rendered":"<p>El Autoconocimiento y la Singularidad de los colaboradores\u00a0 Son factores clave para el crecimiento econ\u00f3mico de las organizaciones. Cuando las organizaciones fomentan un ambiente en el que los colaboradores pueden ser aut\u00e9nticos y desarrollar sus habilidades \u00fanicas, mejoran el desempe\u00f1o, la innovaci\u00f3n y la retenci\u00f3n de talentos, su reputaci\u00f3n de marca conducen a un mayor crecimiento econ\u00f3mico para la organizaci\u00f3n. Los beneficios incluyen: Mejora del desempe\u00f1o: Cuando los colaboradores tienen una comprensi\u00f3n clara de sus fortalezas y debilidades, pueden enfocarse&hellip;<\/p>\n","protected":false},"author":1,"featured_media":0,"parent":0,"menu_order":0,"comment_status":"closed","ping_status":"closed","template":"","meta":{"_joinchat":[],"footnotes":""},"class_list":["post-1373","page","type-page","status-publish","hentry"],"_links":{"self":[{"href":"https:\/\/eveliorojas.com\/index.php\/wp-json\/wp\/v2\/pages\/1373","targetHints":{"allow":["GET"]}}],"collection":[{"href":"https:\/\/eveliorojas.com\/index.php\/wp-json\/wp\/v2\/pages"}],"about":[{"href":"https:\/\/eveliorojas.com\/index.php\/wp-json\/wp\/v2\/types\/page"}],"author":[{"embeddable":true,"href":"https:\/\/eveliorojas.com\/index.php\/wp-json\/wp\/v2\/users\/1"}],"replies":[{"embeddable":true,"href":"https:\/\/eveliorojas.com\/index.php\/wp-json\/wp\/v2\/comments?post=1373"}],"version-history":[{"count":26,"href":"https:\/\/eveliorojas.com\/index.php\/wp-json\/wp\/v2\/pages\/1373\/revisions"}],"predecessor-version":[{"id":4491,"href":"https:\/\/eveliorojas.com\/index.php\/wp-json\/wp\/v2\/pages\/1373\/revisions\/4491"}],"wp:attachment":[{"href":"https:\/\/eveliorojas.com\/index.php\/wp-json\/wp\/v2\/media?parent=1373"}],"curies":[{"name":"wp","href":"https:\/\/api.w.org\/{rel}","templated":true}]}}