{"id":1386,"date":"2023-04-13T15:22:01","date_gmt":"2023-04-13T15:22:01","guid":{"rendered":"http:\/\/eveliorojas.com\/?page_id=1386"},"modified":"2023-05-23T12:12:10","modified_gmt":"2023-05-23T12:12:10","slug":"sesiones-coaching-equipo","status":"publish","type":"page","link":"https:\/\/eveliorojas.com\/index.php\/sesiones-coaching-equipo\/","title":{"rendered":"Sesiones de Coaching de Equipo de Ventas"},"content":{"rendered":"<div class=\"wp-block-image\">\n<figure class=\"aligncenter size-full is-resized\"><img fetchpriority=\"high\" decoding=\"async\" src=\"http:\/\/eveliorojas.com\/wp-content\/uploads\/2023\/05\/Desarrolla-tus-habilidades-en-ventas-para-aumentar-tus-ingresos.png\" alt=\"\" class=\"wp-image-2173\" width=\"750\" height=\"375\" srcset=\"https:\/\/eveliorojas.com\/wp-content\/uploads\/2023\/05\/Desarrolla-tus-habilidades-en-ventas-para-aumentar-tus-ingresos.png 1000w, https:\/\/eveliorojas.com\/wp-content\/uploads\/2023\/05\/Desarrolla-tus-habilidades-en-ventas-para-aumentar-tus-ingresos-300x150.png 300w, https:\/\/eveliorojas.com\/wp-content\/uploads\/2023\/05\/Desarrolla-tus-habilidades-en-ventas-para-aumentar-tus-ingresos-768x384.png 768w\" sizes=\"(max-width: 750px) 100vw, 750px\" \/><\/figure>\n<\/div>\n\n\n<p style=\"text-align: justify;\"><span style=\"color: #000000; font-size: 14pt;\">Las sesiones de coaching de equipo de ventas en 1.\u00aa, 2.\u00aa y 3.\u00aa l\u00ednea, generan varios beneficios a las empresas: el rendimiento del equipo, aumentar la productividad y los ingresos, desarrollar habilidades de liderazgo que pueden ser beneficios a largo plazo.<\/span><\/p>\n<p style=\"text-align: justify;\"><strong><span style=\"color: #000000; font-size: 14pt;\">Beneficios:<\/span><\/strong><\/p>\n<ul>\n<li style=\"text-align: justify;\"><span style=\"color: #000000; font-size: 14pt;\"><strong>Habilidades de ventas:<\/strong> El coaching de equipo de ventas puede ayudar a mejorar las habilidades de ventas del equipo y en aumento de los ingresos de la empresa.<\/span><\/li>\n<li style=\"text-align: justify;\"><span style=\"color: #000000; font-size: 14pt;\"><strong>Identificaci\u00f3n de \u00e1reas de mejora<\/strong>: Identificar \u00e1reas en las que el equipo de ventas necesita mejorar y desarrollar estrategias para abordar esas \u00e1reas. Esto puede incluir mejorar la calidad de las ventas y atenci\u00f3n, la eficiencia en la gesti\u00f3n de clientes potenciales, o el seguimiento de las oportunidades de venta.<\/span><\/li>\n<li style=\"text-align: justify;\"><span style=\"color: #000000; font-size: 14pt;\"><strong>Aumento de la motivaci\u00f3n:<\/strong> Las sesiones de coaching de equipo de ventas pueden ayudar a aumentar la motivaci\u00f3n del equipo al establecer objetivos claros y proporcionar retroalimentaci\u00f3n positiva. Esto ayuda a mantener la energ\u00eda y el enfoque del equipo en el trabajo, y aumento de la productividad.<\/span><\/li>\n<li style=\"text-align: justify;\"><span style=\"color: #000000; font-size: 14pt;\"><strong>Fortalecimiento del equipo:<\/strong> Las sesiones de coaching de equipo fortalecen a construir una cultura de equipo s\u00f3lido, en la que los colaboradores del equipo se reforzar\u00e1n y trabajar\u00e1n juntos para alcanzar los objetivos de ventas de la empresa.<\/span><\/li>\n<li style=\"text-align: justify;\"><span style=\"color: #000000; font-size: 14pt;\"><strong>Desarrollo de habilidades de liderazgo:<\/strong> Los miembros del equipo de ventas que reciben coaching de equipo desarrollan habilidades de liderazgo. Un equipo de ventas fuerte y bien liderado puede ser clave para el \u00e9xito a largo plazo de una empresa.<\/span><\/li>\n<\/ul>\n","protected":false},"excerpt":{"rendered":"<p>Las sesiones de coaching de equipo de ventas en 1.\u00aa, 2.\u00aa y 3.\u00aa l\u00ednea, generan varios beneficios a las empresas: el rendimiento del equipo, aumentar la productividad y los ingresos, desarrollar habilidades de liderazgo que pueden ser beneficios a largo plazo. Beneficios: Habilidades de ventas: El coaching de equipo de ventas puede ayudar a mejorar las habilidades de ventas del equipo y en aumento de los ingresos de la empresa. Identificaci\u00f3n de \u00e1reas de mejora: Identificar \u00e1reas en las que&hellip;<\/p>\n","protected":false},"author":1,"featured_media":0,"parent":0,"menu_order":0,"comment_status":"closed","ping_status":"closed","template":"","meta":{"_joinchat":[],"footnotes":""},"class_list":["post-1386","page","type-page","status-publish","hentry"],"_links":{"self":[{"href":"https:\/\/eveliorojas.com\/index.php\/wp-json\/wp\/v2\/pages\/1386","targetHints":{"allow":["GET"]}}],"collection":[{"href":"https:\/\/eveliorojas.com\/index.php\/wp-json\/wp\/v2\/pages"}],"about":[{"href":"https:\/\/eveliorojas.com\/index.php\/wp-json\/wp\/v2\/types\/page"}],"author":[{"embeddable":true,"href":"https:\/\/eveliorojas.com\/index.php\/wp-json\/wp\/v2\/users\/1"}],"replies":[{"embeddable":true,"href":"https:\/\/eveliorojas.com\/index.php\/wp-json\/wp\/v2\/comments?post=1386"}],"version-history":[{"count":3,"href":"https:\/\/eveliorojas.com\/index.php\/wp-json\/wp\/v2\/pages\/1386\/revisions"}],"predecessor-version":[{"id":2183,"href":"https:\/\/eveliorojas.com\/index.php\/wp-json\/wp\/v2\/pages\/1386\/revisions\/2183"}],"wp:attachment":[{"href":"https:\/\/eveliorojas.com\/index.php\/wp-json\/wp\/v2\/media?parent=1386"}],"curies":[{"name":"wp","href":"https:\/\/api.w.org\/{rel}","templated":true}]}}