{"id":3851,"date":"2023-05-30T14:55:17","date_gmt":"2023-05-30T14:55:17","guid":{"rendered":"http:\/\/eveliorojas.com\/?page_id=3851"},"modified":"2024-10-23T16:49:31","modified_gmt":"2024-10-23T16:49:31","slug":"sobre-mi-2-2","status":"publish","type":"page","link":"https:\/\/eveliorojas.com\/index.php\/sobre-mi-2-2\/","title":{"rendered":"Sobre Mi"},"content":{"rendered":"<div class=\"wp-block-image\">\n<figure class=\"aligncenter size-large\"><img fetchpriority=\"high\" decoding=\"async\" width=\"1024\" height=\"307\" src=\"http:\/\/eveliorojas.com\/wp-content\/uploads\/2023\/05\/Foto-de-inicio-Evelio-web-4-1024x307.png\" alt=\"\" class=\"wp-image-2294\" srcset=\"https:\/\/eveliorojas.com\/wp-content\/uploads\/2023\/05\/Foto-de-inicio-Evelio-web-4-1024x307.png 1024w, https:\/\/eveliorojas.com\/wp-content\/uploads\/2023\/05\/Foto-de-inicio-Evelio-web-4-300x90.png 300w, https:\/\/eveliorojas.com\/wp-content\/uploads\/2023\/05\/Foto-de-inicio-Evelio-web-4-768x230.png 768w, https:\/\/eveliorojas.com\/wp-content\/uploads\/2023\/05\/Foto-de-inicio-Evelio-web-4-1536x461.png 1536w, https:\/\/eveliorojas.com\/wp-content\/uploads\/2023\/05\/Foto-de-inicio-Evelio-web-4.png 2000w\" sizes=\"(max-width: 1024px) 100vw, 1024px\" \/><\/figure>\n<\/div>\n\n\n<p style=\"text-align: left;\"><span style=\"color: #000000; font-family: arial, helvetica, sans-serif;\"><strong>Bienvenidos, soy Evelio<\/strong><\/span><\/p>\n\n\n<div class=\"wp-block-image\">\n<figure class=\"aligncenter size-large is-resized\"><img decoding=\"async\" width=\"893\" height=\"1024\" src=\"http:\/\/eveliorojas.com\/wp-content\/uploads\/2022\/10\/Copia-de-Copia-de-IMG_6148-893x1024.jpg\" alt=\"\" class=\"wp-image-1255\" style=\"width:447px;height:512px\" srcset=\"https:\/\/eveliorojas.com\/wp-content\/uploads\/2022\/10\/Copia-de-Copia-de-IMG_6148-893x1024.jpg 893w, https:\/\/eveliorojas.com\/wp-content\/uploads\/2022\/10\/Copia-de-Copia-de-IMG_6148-261x300.jpg 261w, https:\/\/eveliorojas.com\/wp-content\/uploads\/2022\/10\/Copia-de-Copia-de-IMG_6148-768x881.jpg 768w, https:\/\/eveliorojas.com\/wp-content\/uploads\/2022\/10\/Copia-de-Copia-de-IMG_6148-1339x1536.jpg 1339w, https:\/\/eveliorojas.com\/wp-content\/uploads\/2022\/10\/Copia-de-Copia-de-IMG_6148-1785x2048.jpg 1785w\" sizes=\"(max-width: 893px) 100vw, 893px\" \/><\/figure>\n<\/div>\n\n<div class=\"wp-block-image\">\n<figure class=\"aligncenter size-full is-resized\"><img decoding=\"async\" width=\"804\" height=\"463\" src=\"https:\/\/eveliorojas.com\/wp-content\/uploads\/2023\/09\/image.png\" alt=\"\" class=\"wp-image-4147\" style=\"aspect-ratio:1.7374784110535406;width:457px;height:auto\" srcset=\"https:\/\/eveliorojas.com\/wp-content\/uploads\/2023\/09\/image.png 804w, https:\/\/eveliorojas.com\/wp-content\/uploads\/2023\/09\/image-300x173.png 300w, https:\/\/eveliorojas.com\/wp-content\/uploads\/2023\/09\/image-768x442.png 768w, https:\/\/eveliorojas.com\/wp-content\/uploads\/2023\/09\/image-201x116.png 201w\" sizes=\"(max-width: 804px) 100vw, 804px\" \/><\/figure>\n<\/div>\n\n\n<p style=\"text-align: center;\"><span style=\"font-family: arial, helvetica, sans-serif; color: #000000;\"><strong>Consultor estratega en mercadeo y ventas<\/strong><\/span><\/p>\n<p style=\"text-align: center;\"><span style=\"font-family: arial, helvetica, sans-serif; color: #000000;\"><strong>Coach ontol\u00f3gico profesional<\/strong><\/span><\/p>\n<p style=\"text-align: center;\"><span style=\"font-family: arial, helvetica, sans-serif; color: #000000;\"><b>\u00a0Coach ontol\u00f3gico empresarial<\/b><\/span><\/p>\n<p style=\"text-align: justify;\"><span style=\"font-family: arial, helvetica, sans-serif; color: #000000;\"><b><strong>Sobre mi:<\/strong><\/b><\/span><\/p>\n<p style=\"text-align: justify;\"><span style=\"font-family: arial, helvetica, sans-serif; color: #000000;\">Ha trabajado en el mundo corporativo, logrando la posici\u00f3n de director Comercial, donde ha tenido a su cargo varios equipos de ventas. Ha laborado en diversas empresas, donde la m\u00e1s importante ha sido Grupo Polar, donde se ha desempe\u00f1ado durante 15 a\u00f1os, y en diversas empresas de retail. Su perfil es de desarrollo de negocio a trav\u00e9s de las ideas, la gente y los procesos.<\/span><\/p>\n<p style=\"text-align: justify;\"><span style=\"font-family: arial, helvetica, sans-serif; color: #000000;\">Es un coach consultor desde hace 25 a\u00f1os y ha desarrollado varios proyectos que incluyen experiencia como consultor de ventas y mercadeo, conferencista, entrenador de fuerzas de venta, motivador de equipos de alto desempe\u00f1o y ha realizado distintos adiestramientos. Su mayor foco es lograr el crecimiento de los clientes en los proyectos a su cargo.<\/span><\/p>\n<p style=\"text-align: justify;\"><span style=\"font-family: arial, helvetica, sans-serif; color: #000000;\">+ 21 A\u00f1os de experiencia: director general y Gerente, en organizaciones de distintos ramos tales como: Polar, Rental Service C.A, y OXIVEN, en Venezuela (por nombrar algunas), donde adquir\u00ed conocimientos sobre ventas, mercadotecnia y finanzas.<\/span><\/p>\n<p style=\"text-align: justify;\"><span style=\"font-family: arial, helvetica, sans-serif; color: #000000;\">+ 23 A\u00f1os como consultor estratega en mercadeo y ventas.<\/span><\/p>\n<p style=\"text-align: justify;\"><span style=\"font-family: arial, helvetica, sans-serif; color: #000000;\">En organizaciones de distintos ramos: Estrenando Otra vez, C. A, Lavander\u00edas Industriales Rental Service C.A, Gases Industriales del Este, Smart Bussines Corp, GEOPHYSICAL SURVEYS, Urban Internacional Realty Miami y B2V Sin Frontera M\u00e9xico.<\/span><\/p>\n<p style=\"text-align: justify;\"><span style=\"font-family: arial, helvetica, sans-serif; color: #000000;\">+ 26 A\u00f1os como Coach Ontol\u00f3gico profesional. Newfield Group.<\/span><\/p>\n<p style=\"text-align: justify;\"><span style=\"font-family: arial, helvetica, sans-serif; color: #000000;\">+ 25 A\u00f1os como Coach Ontol\u00f3gico Empresarial. Newfield Consulting.<\/span><\/p>\n<p style=\"text-align: justify;\"><span style=\"font-family: arial, helvetica, sans-serif; color: #000000;\"><strong>Proyectos recientes:<\/strong><\/span><\/p>\n<ul>\n<li style=\"text-align: justify;\"><span style=\"font-family: arial, helvetica, sans-serif; color: #000000;\">Programa I-Corps de la cohorte 2018. Del 15 de octubre al 30 de noviembre, 164 horas. NOBI ENERG\u00cdA.<\/span><\/li>\n<li style=\"text-align: justify;\"><span style=\"font-family: arial, helvetica, sans-serif; color: #000000;\">GEOPHYSICAL SURVEYS 2019. Diagn\u00f3stico en el \u00e1rea de comercializaci\u00f3n.<\/span><\/li>\n<li style=\"text-align: justify;\"><span style=\"font-family: arial, helvetica, sans-serif; color: #000000;\">E-global. Coaching Ejecutivo. Junio 2019 a octubre 2019.<\/span><\/li>\n<li style=\"text-align: justify;\"><span style=\"font-family: arial, helvetica, sans-serif; color: #000000;\">Urban Internacional Realty Miami 2020. Diagn\u00f3stico en el \u00e1rea de comercializaci\u00f3n.<\/span><\/li>\n<li style=\"text-align: justify;\"><span style=\"font-family: arial, helvetica, sans-serif; color: #000000;\">XIGNUX 2021. Entrenamientos gerenciales.<\/span><\/li>\n<li style=\"text-align: justify;\"><span style=\"font-family: arial, helvetica, sans-serif; color: #000000;\">B2V Sin Fronteras (Banco Popular 2021). 7 meses de entrenamientos gerenciales.<\/span><\/li>\n<li style=\"text-align: justify;\"><span style=\"font-family: arial, helvetica, sans-serif; color: #000000;\">Index Datacom, S.A. De C.V. Infinito Networks (GO Wireless. Enrutamiento y soluciones Inal\u00e1mbricas (MikroTik Mexico). Enero a marzo 2022, primer programa El Viaje Al Crecimiento.<\/span><\/li>\n<li style=\"text-align: justify;\"><span style=\"font-family: arial, helvetica, sans-serif; color: #000000;\">AVIENT junio 2022. Taller el tiempo.<\/span><\/li>\n<li style=\"text-align: justify;\"><span style=\"font-family: arial, helvetica, sans-serif; color: #000000;\">Index Datacom, S.A. De C.V. Infinito Networks GO Wireless.<\/span><\/li>\n<li style=\"text-align: justify;\"><span style=\"font-family: arial, helvetica, sans-serif; color: #000000;\">Junio a agosto 2022. Segundo programa El Viaje Al Crecimiento.<\/span><\/li>\n<li style=\"text-align: justify;\"><span style=\"font-family: arial, helvetica, sans-serif; color: #000000;\">Conferencia: La calidad como diferenciador de tus servicios. EXOPTIK. 22.7.2022.<\/span><\/li>\n<li style=\"text-align: justify;\"><span style=\"font-family: arial, helvetica, sans-serif; color: #000000;\">Totalplay. Coaching Ejecutivo. Octubre 2022 a febrero 2023. M\u00e9xico.<\/span><\/li>\n<li style=\"text-align: justify;\">Infinito Networks. Programa de 72 sesiones de coaching ejecutivo para desarrollar las competencias y habilidades que demandan los 2 puestos PDA, a trav\u00e9s de los assessmets PDA. De mayo a septiembre 2023.<\/li>\n<\/ul>\n","protected":false},"excerpt":{"rendered":"<p>Bienvenidos, soy Evelio Consultor estratega en mercadeo y ventas Coach ontol\u00f3gico profesional \u00a0Coach ontol\u00f3gico empresarial Sobre mi: Ha trabajado en el mundo corporativo, logrando la posici\u00f3n de director Comercial, donde ha tenido a su cargo varios equipos de ventas. Ha laborado en diversas empresas, donde la m\u00e1s importante ha sido Grupo Polar, donde se ha desempe\u00f1ado durante 15 a\u00f1os, y en diversas empresas de retail. Su perfil es de desarrollo de negocio a trav\u00e9s de las ideas, la gente y&hellip;<\/p>\n","protected":false},"author":2,"featured_media":0,"parent":0,"menu_order":0,"comment_status":"closed","ping_status":"closed","template":"","meta":{"_joinchat":[],"footnotes":""},"class_list":["post-3851","page","type-page","status-publish","hentry"],"_links":{"self":[{"href":"https:\/\/eveliorojas.com\/index.php\/wp-json\/wp\/v2\/pages\/3851","targetHints":{"allow":["GET"]}}],"collection":[{"href":"https:\/\/eveliorojas.com\/index.php\/wp-json\/wp\/v2\/pages"}],"about":[{"href":"https:\/\/eveliorojas.com\/index.php\/wp-json\/wp\/v2\/types\/page"}],"author":[{"embeddable":true,"href":"https:\/\/eveliorojas.com\/index.php\/wp-json\/wp\/v2\/users\/2"}],"replies":[{"embeddable":true,"href":"https:\/\/eveliorojas.com\/index.php\/wp-json\/wp\/v2\/comments?post=3851"}],"version-history":[{"count":13,"href":"https:\/\/eveliorojas.com\/index.php\/wp-json\/wp\/v2\/pages\/3851\/revisions"}],"predecessor-version":[{"id":4592,"href":"https:\/\/eveliorojas.com\/index.php\/wp-json\/wp\/v2\/pages\/3851\/revisions\/4592"}],"wp:attachment":[{"href":"https:\/\/eveliorojas.com\/index.php\/wp-json\/wp\/v2\/media?parent=3851"}],"curies":[{"name":"wp","href":"https:\/\/api.w.org\/{rel}","templated":true}]}}