{"id":4723,"date":"2024-10-28T18:46:43","date_gmt":"2024-10-28T18:46:43","guid":{"rendered":"https:\/\/eveliorojas.com\/?page_id=4723"},"modified":"2024-10-28T18:46:44","modified_gmt":"2024-10-28T18:46:44","slug":"ing-jesus-mendez-testimonio","status":"publish","type":"page","link":"https:\/\/eveliorojas.com\/index.php\/ing-jesus-mendez-testimonio\/","title":{"rendered":"Ing. Jes\u00fas M\u00e9ndez (testimonio)"},"content":{"rendered":"\n<figure class=\"wp-block-embed aligncenter is-type-video is-provider-youtube wp-block-embed-youtube wp-embed-aspect-16-9 wp-has-aspect-ratio\"><div class=\"wp-block-embed__wrapper\">\n<div class=\"video\"><iframe title=\"Testimonio Ing. Jes\u00fas M\u00e9ndez.  Presidente GEOCONSULTORES\" width=\"640\" height=\"360\" src=\"https:\/\/www.youtube.com\/embed\/738DNZOAHwo?feature=oembed\" frameborder=\"0\" allow=\"accelerometer; autoplay; clipboard-write; encrypted-media; gyroscope; picture-in-picture; web-share\" referrerpolicy=\"strict-origin-when-cross-origin\" allowfullscreen><\/iframe><\/div>\n<\/div><\/figure>\n\n\n<div class=\"wp-block-image\">\n<figure class=\"aligncenter size-large is-resized\"><img fetchpriority=\"high\" decoding=\"async\" width=\"1024\" height=\"569\" src=\"https:\/\/eveliorojas.com\/wp-content\/uploads\/2023\/07\/GEOFHYSICAL-1024x569.png\" alt=\"\" class=\"wp-image-4156\" style=\"width:466px;height:auto\" srcset=\"https:\/\/eveliorojas.com\/wp-content\/uploads\/2023\/07\/GEOFHYSICAL-1024x569.png 1024w, https:\/\/eveliorojas.com\/wp-content\/uploads\/2023\/07\/GEOFHYSICAL-300x167.png 300w, https:\/\/eveliorojas.com\/wp-content\/uploads\/2023\/07\/GEOFHYSICAL-768x427.png 768w, https:\/\/eveliorojas.com\/wp-content\/uploads\/2023\/07\/GEOFHYSICAL-209x116.png 209w, https:\/\/eveliorojas.com\/wp-content\/uploads\/2023\/07\/GEOFHYSICAL.png 1063w\" sizes=\"(max-width: 1024px) 100vw, 1024px\" \/><\/figure>\n<\/div>\n\n\n<h4 class=\"testimonial-name\" style=\"text-align: justify;\"><span style=\"color: #000000; font-family: arial, helvetica, sans-serif;\"><strong>Testimonio Ing. Jes\u00fas M\u00e9ndez. Presidente GEOCONSULTORES. Mi segundo cliente en M\u00e9xico, 2018<\/strong><\/span><\/h4>\n<div class=\"testimonial-content\">\n<p style=\"text-align: justify;\"><span style=\"color: #000000; font-family: arial, helvetica, sans-serif;\">\u201cLas sesiones de coaching de negocio las tom\u00e9 para mejorar el funcionamiento de la oficina y que existir\u00eda una mejor din\u00e1mica y compa\u00f1erismo entre todos, que hiciera fluir de forma natural la consecuci\u00f3n de los objetivos.<\/span><\/p>\n<p style=\"text-align: justify;\"><span style=\"color: #000000; font-family: arial, helvetica, sans-serif;\">Aprend\u00ed nuevas t\u00e9cnicas, mejorar los vicios de mi personalidad y poderlos aplicar en mi trabajo.<\/span><\/p>\n<p style=\"text-align: justify;\"><span style=\"color: #000000; font-family: arial, helvetica, sans-serif;\">Las sesiones de coaching de negocios fueron una gu\u00eda y motivaci\u00f3n para no flaquear hasta lograr los objetivos planteados en las sesiones, considero que fue de mucha utilidad, por lo que siempre es bueno tener un buen gu\u00eda.<\/span><\/p>\n<p style=\"text-align: justify;\"><span style=\"color: #000000; font-family: arial, helvetica, sans-serif;\">Los mayores desaf\u00edos que enfrente durante las sesiones: Ser constante en no desistir y lo supere mediante la disciplina. Fue una experiencia grata, \u00fatil y enriquecedora para mi equipo de trabajo.<\/span><\/p>\n<p style=\"text-align: justify;\"><span style=\"color: #000000; font-family: arial, helvetica, sans-serif;\">Evelio, me ayudo a esclarecer ideas relativas a la organizaci\u00f3n de mi negocio y lo recomendar\u00eda, porque veo los resultados todos los d\u00edas con mis clientes, mi equipo y mi persona\u201d.<\/span><\/p>\n<p style=\"text-align: justify;\"><span style=\"color: #000000; font-family: arial, helvetica, sans-serif;\">Empresa Innova Lex Group<\/span><\/p>\n<p style=\"text-align: justify;\"><span style=\"color: #000000; font-family: arial, helvetica, sans-serif;\">Puesto: CEO (Fundador)<\/span><\/p>\n<p style=\"text-align: justify;\"><span style=\"color: #000000; font-family: arial, helvetica, sans-serif;\">Participaci\u00f3n: Sesiones de Coaching Ejecutivo de negocios<\/span><\/p>\n<\/div>\n<h4 class=\"testimonial-name\"><strong>\u00a0<\/strong><\/h4>\n\n\n\n<p><\/p>\n\n\n\n<p><\/p>\n","protected":false},"excerpt":{"rendered":"<p>Testimonio Ing. Jes\u00fas M\u00e9ndez. Presidente GEOCONSULTORES. Mi segundo cliente en M\u00e9xico, 2018 \u201cLas sesiones de coaching de negocio las tom\u00e9 para mejorar el funcionamiento de la oficina y que existir\u00eda una mejor din\u00e1mica y compa\u00f1erismo entre todos, que hiciera fluir de forma natural la consecuci\u00f3n de los objetivos. Aprend\u00ed nuevas t\u00e9cnicas, mejorar los vicios de mi personalidad y poderlos aplicar en mi trabajo. Las sesiones de coaching de negocios fueron una gu\u00eda y motivaci\u00f3n para no flaquear hasta lograr los&hellip;<\/p>\n","protected":false},"author":2,"featured_media":0,"parent":0,"menu_order":0,"comment_status":"closed","ping_status":"closed","template":"","meta":{"_joinchat":[],"footnotes":""},"class_list":["post-4723","page","type-page","status-publish","hentry"],"_links":{"self":[{"href":"https:\/\/eveliorojas.com\/index.php\/wp-json\/wp\/v2\/pages\/4723","targetHints":{"allow":["GET"]}}],"collection":[{"href":"https:\/\/eveliorojas.com\/index.php\/wp-json\/wp\/v2\/pages"}],"about":[{"href":"https:\/\/eveliorojas.com\/index.php\/wp-json\/wp\/v2\/types\/page"}],"author":[{"embeddable":true,"href":"https:\/\/eveliorojas.com\/index.php\/wp-json\/wp\/v2\/users\/2"}],"replies":[{"embeddable":true,"href":"https:\/\/eveliorojas.com\/index.php\/wp-json\/wp\/v2\/comments?post=4723"}],"version-history":[{"count":1,"href":"https:\/\/eveliorojas.com\/index.php\/wp-json\/wp\/v2\/pages\/4723\/revisions"}],"predecessor-version":[{"id":4724,"href":"https:\/\/eveliorojas.com\/index.php\/wp-json\/wp\/v2\/pages\/4723\/revisions\/4724"}],"wp:attachment":[{"href":"https:\/\/eveliorojas.com\/index.php\/wp-json\/wp\/v2\/media?parent=4723"}],"curies":[{"name":"wp","href":"https:\/\/api.w.org\/{rel}","templated":true}]}}