{"id":4727,"date":"2024-10-28T18:52:33","date_gmt":"2024-10-28T18:52:33","guid":{"rendered":"https:\/\/eveliorojas.com\/?page_id=4727"},"modified":"2025-01-13T02:02:10","modified_gmt":"2025-01-13T02:02:10","slug":"hugo-guajardo-cardoza-testimonio","status":"publish","type":"page","link":"https:\/\/eveliorojas.com\/index.php\/hugo-guajardo-cardoza-testimonio\/","title":{"rendered":"Lic. Hugo Guajardo Cardoza (Testimonio)"},"content":{"rendered":"<div class=\"wp-block-image\">\n<figure class=\"aligncenter size-full is-resized\"><img decoding=\"async\" width=\"150\" height=\"150\" src=\"https:\/\/eveliorojas.com\/wp-content\/uploads\/2024\/10\/Hugo-Guajardo-150x150-1.png\" alt=\"\" class=\"wp-image-4609\" style=\"width:240px;height:auto\" srcset=\"https:\/\/eveliorojas.com\/wp-content\/uploads\/2024\/10\/Hugo-Guajardo-150x150-1.png 150w, https:\/\/eveliorojas.com\/wp-content\/uploads\/2024\/10\/Hugo-Guajardo-150x150-1-116x116.png 116w\" sizes=\"(max-width: 150px) 100vw, 150px\" \/><\/figure>\n<\/div>\n\n\n<p style=\"text-align: justify;\"><span style=\"color: #000000; font-family: arial, helvetica, sans-serif;\">\u201cLas sesiones de coaching ejecutivo (de negocio), las tom\u00e9 para mejorar el funcionamiento de la oficina y que existir\u00eda una mejor din\u00e1mica y compa\u00f1erismo entre todos, que hiciera fluir de forma natural la consecuci\u00f3n de los objetivos.<\/span><\/p>\n<p style=\"text-align: justify;\"><span style=\"color: #000000; font-family: arial, helvetica, sans-serif;\">Aprend\u00ed nuevas t\u00e9cnicas, mejorar los vicios de mi personalidad y poderlos aplicar en mi trabajo.<\/span><\/p>\n<p style=\"text-align: justify;\"><span style=\"color: #000000; font-family: arial, helvetica, sans-serif;\">Las sesiones de coaching de ejecutivo fueron una gu\u00eda y motivaci\u00f3n para no flaquear hasta lograr los objetivos planteados en las sesiones, considero que fue de mucha utilidad, por lo que siempre es bueno tener un buen gu\u00eda.<\/span><\/p>\n<p style=\"text-align: justify;\"><span style=\"color: #000000; font-family: arial, helvetica, sans-serif;\">Los mayores desaf\u00edos que enfrente durante las sesiones: Ser constante en no desistir y lo supere mediante la disciplina. Fue una experiencia grata, \u00fatil y enriquecedora para mi equipo de trabajo.<\/span><\/p>\n<p style=\"text-align: justify;\"><span style=\"color: #000000; font-family: arial, helvetica, sans-serif;\">Evelio, me ayudo a esclarecer ideas relativas a la organizaci\u00f3n de mi negocio y lo recomendar\u00eda, porque veo los resultados todos los d\u00edas con mis clientes, mi equipo y mi persona\u201d.<\/span><\/p>\n<p style=\"text-align: justify;\"><span style=\"color: #000000; font-family: arial, helvetica, sans-serif;\">Empresa Innova Lex Group<\/span><\/p>\n<p style=\"text-align: justify;\"><span style=\"color: #000000; font-family: arial, helvetica, sans-serif;\">Puesto: CEO (Fundador)<\/span><\/p>\n<p style=\"text-align: justify;\"><span style=\"color: #000000; font-family: arial, helvetica, sans-serif;\">Participaci\u00f3n: Sesiones de Coaching Ejecutivo de negocios<\/span><\/p>\n","protected":false},"excerpt":{"rendered":"<p>\u201cLas sesiones de coaching ejecutivo (de negocio), las tom\u00e9 para mejorar el funcionamiento de la oficina y que existir\u00eda una mejor din\u00e1mica y compa\u00f1erismo entre todos, que hiciera fluir de forma natural la consecuci\u00f3n de los objetivos. Aprend\u00ed nuevas t\u00e9cnicas, mejorar los vicios de mi personalidad y poderlos aplicar en mi trabajo. Las sesiones de coaching de ejecutivo fueron una gu\u00eda y motivaci\u00f3n para no flaquear hasta lograr los objetivos planteados en las sesiones, considero que fue de mucha utilidad,&hellip;<\/p>\n","protected":false},"author":1,"featured_media":0,"parent":0,"menu_order":0,"comment_status":"closed","ping_status":"closed","template":"","meta":{"_joinchat":[],"footnotes":""},"class_list":["post-4727","page","type-page","status-publish","hentry"],"_links":{"self":[{"href":"https:\/\/eveliorojas.com\/index.php\/wp-json\/wp\/v2\/pages\/4727","targetHints":{"allow":["GET"]}}],"collection":[{"href":"https:\/\/eveliorojas.com\/index.php\/wp-json\/wp\/v2\/pages"}],"about":[{"href":"https:\/\/eveliorojas.com\/index.php\/wp-json\/wp\/v2\/types\/page"}],"author":[{"embeddable":true,"href":"https:\/\/eveliorojas.com\/index.php\/wp-json\/wp\/v2\/users\/1"}],"replies":[{"embeddable":true,"href":"https:\/\/eveliorojas.com\/index.php\/wp-json\/wp\/v2\/comments?post=4727"}],"version-history":[{"count":3,"href":"https:\/\/eveliorojas.com\/index.php\/wp-json\/wp\/v2\/pages\/4727\/revisions"}],"predecessor-version":[{"id":5442,"href":"https:\/\/eveliorojas.com\/index.php\/wp-json\/wp\/v2\/pages\/4727\/revisions\/5442"}],"wp:attachment":[{"href":"https:\/\/eveliorojas.com\/index.php\/wp-json\/wp\/v2\/media?parent=4727"}],"curies":[{"name":"wp","href":"https:\/\/api.w.org\/{rel}","templated":true}]}}