{"id":4830,"date":"2024-11-05T20:08:33","date_gmt":"2024-11-05T20:08:33","guid":{"rendered":"https:\/\/eveliorojas.com\/?page_id=4830"},"modified":"2024-11-08T21:10:00","modified_gmt":"2024-11-08T21:10:00","slug":"tendencias-de-comportamiento","status":"publish","type":"page","link":"https:\/\/eveliorojas.com\/index.php\/tendencias-de-comportamiento\/","title":{"rendered":"Competencias\u00a0assessment\u00a0PDA\u00a0Gr\u00e1fico Radar Comportamental"},"content":{"rendered":"\n<div style=\"text-align: center;\"><strong><span style=\"font-family: arial, helvetica, sans-serif; font-size: 14pt;\"><span style=\"font-size: 18pt;\">16 Competencias<\/span>:<\/span><\/strong><\/div>\n<div>\n<ol>\n<li><span style=\"font-family: arial, helvetica, sans-serif; font-size: 14pt;\"> Iniciativa.<\/span><\/li>\n<li><span style=\"font-family: arial, helvetica, sans-serif; font-size: 14pt;\">Inteligencia social\/ relacional.<\/span><\/li>\n<li><span style=\"font-family: arial, helvetica, sans-serif; font-size: 14pt;\">Influencia.<\/span><\/li>\n<li><span style=\"font-family: arial, helvetica, sans-serif; font-size: 14pt;\">Autonom\u00eda<\/span><\/li>\n<li><span style=\"font-family: arial, helvetica, sans-serif; font-size: 14pt;\">Mentoreo.<\/span><\/li>\n<li><span style=\"font-family: arial, helvetica, sans-serif; font-size: 14pt;\">Actitud de servicio.<\/span><\/li>\n<li><span style=\"font-family: arial, helvetica, sans-serif; font-size: 14pt;\">Empat\u00eda.<\/span><\/li>\n<li><span style=\"font-family: arial, helvetica, sans-serif; font-size: 14pt;\">Disponibilidad.<\/span><\/li>\n<li><span style=\"font-family: arial, helvetica, sans-serif; font-size: 14pt;\">Precisi\u00f3n.<\/span><\/li>\n<li><span style=\"font-family: arial, helvetica, sans-serif; font-size: 14pt;\">Atenci\u00f3n activa.<\/span><\/li>\n<li><span style=\"font-family: arial, helvetica, sans-serif; font-size: 14pt;\">Pensamiento anal\u00edtico.<\/span><\/li>\n<li><span style=\"font-family: arial, helvetica, sans-serif; font-size: 14pt;\">Excelencia T\u00e9cnica.<\/span><\/li>\n<li><span style=\"font-family: arial, helvetica, sans-serif; font-size: 14pt;\">Implementaci\u00f3n.<\/span><\/li>\n<li><span style=\"font-family: arial, helvetica, sans-serif; font-size: 14pt;\">Agilidad.<\/span><\/li>\n<li><span style=\"font-family: arial, helvetica, sans-serif; font-size: 14pt;\">Proactividad.<\/span><\/li>\n<li><span style=\"font-family: arial, helvetica, sans-serif; font-size: 14pt;\">Agente de cambio<\/span><\/li>\n<\/ol>\n<\/div>\n\n\n\n<p><\/p>\n","protected":false},"excerpt":{"rendered":"<p>16 Competencias: Iniciativa. Inteligencia social\/ relacional. Influencia. Autonom\u00eda Mentoreo. Actitud de servicio. Empat\u00eda. Disponibilidad. Precisi\u00f3n. Atenci\u00f3n activa. Pensamiento anal\u00edtico. Excelencia T\u00e9cnica. Implementaci\u00f3n. Agilidad. Proactividad. Agente de cambio<\/p>\n","protected":false},"author":1,"featured_media":0,"parent":0,"menu_order":0,"comment_status":"closed","ping_status":"closed","template":"","meta":{"_joinchat":[],"footnotes":""},"class_list":["post-4830","page","type-page","status-publish","hentry"],"_links":{"self":[{"href":"https:\/\/eveliorojas.com\/index.php\/wp-json\/wp\/v2\/pages\/4830","targetHints":{"allow":["GET"]}}],"collection":[{"href":"https:\/\/eveliorojas.com\/index.php\/wp-json\/wp\/v2\/pages"}],"about":[{"href":"https:\/\/eveliorojas.com\/index.php\/wp-json\/wp\/v2\/types\/page"}],"author":[{"embeddable":true,"href":"https:\/\/eveliorojas.com\/index.php\/wp-json\/wp\/v2\/users\/1"}],"replies":[{"embeddable":true,"href":"https:\/\/eveliorojas.com\/index.php\/wp-json\/wp\/v2\/comments?post=4830"}],"version-history":[{"count":4,"href":"https:\/\/eveliorojas.com\/index.php\/wp-json\/wp\/v2\/pages\/4830\/revisions"}],"predecessor-version":[{"id":4840,"href":"https:\/\/eveliorojas.com\/index.php\/wp-json\/wp\/v2\/pages\/4830\/revisions\/4840"}],"wp:attachment":[{"href":"https:\/\/eveliorojas.com\/index.php\/wp-json\/wp\/v2\/media?parent=4830"}],"curies":[{"name":"wp","href":"https:\/\/api.w.org\/{rel}","templated":true}]}}