{"id":4843,"date":"2024-11-08T19:12:04","date_gmt":"2024-11-08T19:12:04","guid":{"rendered":"https:\/\/eveliorojas.com\/?page_id=4843"},"modified":"2024-11-21T23:02:01","modified_gmt":"2024-11-21T23:02:01","slug":"tendencias-de-comportamiento-2","status":"publish","type":"page","link":"https:\/\/eveliorojas.com\/index.php\/tendencias-de-comportamiento-2\/","title":{"rendered":"Tendencias de Comportamiento"},"content":{"rendered":"\t\t<div data-elementor-type=\"wp-page\" data-elementor-id=\"4843\" class=\"elementor elementor-4843\">\n\t\t\t\t\t\t<section class=\"elementor-section elementor-top-section elementor-element elementor-element-48fdd712 elementor-section-boxed elementor-section-height-default elementor-section-height-default\" data-id=\"48fdd712\" data-element_type=\"section\">\n\t\t\t\t\t\t<div class=\"elementor-container elementor-column-gap-default\">\n\t\t\t\t\t<div class=\"elementor-column elementor-col-100 elementor-top-column elementor-element elementor-element-6f63b3af\" data-id=\"6f63b3af\" data-element_type=\"column\">\n\t\t\t<div class=\"elementor-widget-wrap elementor-element-populated\">\n\t\t\t\t\t\t<div class=\"elementor-element elementor-element-78a9fa41 elementor-widget elementor-widget-text-editor\" data-id=\"78a9fa41\" data-element_type=\"widget\" data-widget_type=\"text-editor.default\">\n\t\t\t\t<div class=\"elementor-widget-container\">\n\t\t\t\t\t\t\t\t\t\n<p><span style=\"font-family: arial, helvetica, sans-serif; font-size: 14pt;\"><strong>10 competencias:<\/strong><\/span><\/p>\n<ol>\n<li><span style=\"font-family: arial, helvetica, sans-serif; font-size: 14pt;\">Seguimiento de normas y pol\u00edticas.<\/span><\/li>\n<li><span style=\"font-family: arial, helvetica, sans-serif; font-size: 14pt;\">Atenci\u00f3n y escucha.<\/span><\/li>\n<li><span style=\"font-family: arial, helvetica, sans-serif; font-size: 14pt;\">\u00a0Orientaci\u00f3n competitiva a resultados.<\/span><\/li>\n<li><span style=\"font-family: arial, helvetica, sans-serif; font-size: 14pt;\">Asesoramiento, soporte y atenci\u00f3n a clientes.<\/span><\/li>\n<li><span style=\"font-family: arial, helvetica, sans-serif; font-size: 14pt;\">Dinamismo y sentido de urgencia.<\/span><\/li>\n<li><span style=\"font-family: arial, helvetica, sans-serif; font-size: 14pt;\">Implementaci\u00f3n.<\/span><\/li>\n<li><span style=\"font-family: arial, helvetica, sans-serif; font-size: 14pt;\">\u00a0Persuasi\u00f3n y extroversi\u00f3n.<\/span><\/li>\n<li><span style=\"font-family: arial, helvetica, sans-serif; font-size: 14pt;\">\u00a0Precisi\u00f3n &#8211; Calidad.<\/span><\/li>\n<li><span style=\"font-family: arial, helvetica, sans-serif; font-size: 14pt;\">\u00a0Proactividad e independencia.<\/span><\/li>\n<li><span style=\"font-family: arial, helvetica, sans-serif; font-size: 14pt;\">Orientaci\u00f3n estrat\u00e9gica a resultados.<\/span><\/li>\n<\/ol>\n\n<p>\u00a0<\/p>\n\t\t\t\t\t\t\t\t<\/div>\n\t\t\t\t<\/div>\n\t\t\t\t\t<\/div>\n\t\t<\/div>\n\t\t\t\t\t<\/div>\n\t\t<\/section>\n\t\t\t\t<\/div>\n\t\t","protected":false},"excerpt":{"rendered":"<p>10 competencias: Seguimiento de normas y pol\u00edticas. Atenci\u00f3n y escucha. \u00a0Orientaci\u00f3n competitiva a resultados. Asesoramiento, soporte y atenci\u00f3n a clientes. Dinamismo y sentido de urgencia. Implementaci\u00f3n. \u00a0Persuasi\u00f3n y extroversi\u00f3n. \u00a0Precisi\u00f3n &#8211; Calidad. \u00a0Proactividad e independencia. Orientaci\u00f3n estrat\u00e9gica a resultados. \u00a0<\/p>\n","protected":false},"author":1,"featured_media":0,"parent":0,"menu_order":0,"comment_status":"closed","ping_status":"closed","template":"","meta":{"_joinchat":[],"footnotes":""},"class_list":["post-4843","page","type-page","status-publish","hentry"],"_links":{"self":[{"href":"https:\/\/eveliorojas.com\/index.php\/wp-json\/wp\/v2\/pages\/4843","targetHints":{"allow":["GET"]}}],"collection":[{"href":"https:\/\/eveliorojas.com\/index.php\/wp-json\/wp\/v2\/pages"}],"about":[{"href":"https:\/\/eveliorojas.com\/index.php\/wp-json\/wp\/v2\/types\/page"}],"author":[{"embeddable":true,"href":"https:\/\/eveliorojas.com\/index.php\/wp-json\/wp\/v2\/users\/1"}],"replies":[{"embeddable":true,"href":"https:\/\/eveliorojas.com\/index.php\/wp-json\/wp\/v2\/comments?post=4843"}],"version-history":[{"count":4,"href":"https:\/\/eveliorojas.com\/index.php\/wp-json\/wp\/v2\/pages\/4843\/revisions"}],"predecessor-version":[{"id":5098,"href":"https:\/\/eveliorojas.com\/index.php\/wp-json\/wp\/v2\/pages\/4843\/revisions\/5098"}],"wp:attachment":[{"href":"https:\/\/eveliorojas.com\/index.php\/wp-json\/wp\/v2\/media?parent=4843"}],"curies":[{"name":"wp","href":"https:\/\/api.w.org\/{rel}","templated":true}]}}