{"id":4863,"date":"2024-11-09T19:46:19","date_gmt":"2024-11-09T19:46:19","guid":{"rendered":"https:\/\/eveliorojas.com\/?page_id=4863"},"modified":"2025-01-11T19:14:16","modified_gmt":"2025-01-11T19:14:16","slug":"etapa-2-taller-ventas-en-crecimiento","status":"publish","type":"page","link":"https:\/\/eveliorojas.com\/index.php\/etapa-2-taller-ventas-en-crecimiento\/","title":{"rendered":"Etapa 2. Taller Ventas En Crecimiento"},"content":{"rendered":"\n<p style=\"text-align: center;\"><span style=\"font-family: arial, helvetica, sans-serif; font-size: 14pt;\"><strong>Etapa 2.<\/strong><\/span><\/p>\n<p><span style=\"font-family: arial, helvetica, sans-serif; font-size: 14pt;\"><b>Taller Ventas En Crecimiento: 4 m\u00f3dulos. Temas: 57. Tiempo: 12 horas.\u00a0<\/b><\/span><b style=\"font-family: arial, helvetica, sans-serif; font-size: 14pt;\">Cantidad de competencias 48:<\/b><\/p>\n<p style=\"text-align: center;\"><strong><span style=\"font-family: arial, helvetica, sans-serif; font-size: 14pt;\">M\u00f3dulo I. Inside Del Ser<\/span><\/strong><\/p>\n<p><strong><span style=\"font-family: arial, helvetica, sans-serif;\">Cantidad de competencia 13:<\/span><\/strong><\/p>\n<p><span style=\"font-family: arial, helvetica, sans-serif; font-size: 14pt;\">1. Iniciativa.<\/span><br \/><span style=\"font-family: arial, helvetica, sans-serif; font-size: 14pt;\">2. Autoconfianza.<\/span><br \/><span style=\"font-family: arial, helvetica, sans-serif; font-size: 14pt;\">3. Autocontrol.<\/span><br \/><span style=\"font-family: arial, helvetica, sans-serif; font-size: 14pt;\">4. Resoluci\u00f3n de problemas y toma de decisiones.<\/span><br \/><span style=\"font-family: arial, helvetica, sans-serif; font-size: 14pt;\">5. Trabajo colaborativo.<\/span><br \/><span style=\"font-family: arial, helvetica, sans-serif; font-size: 14pt;\">6. Amortiguaci\u00f3n del cambio.<\/span><br \/><span style=\"font-family: arial, helvetica, sans-serif; font-size: 14pt;\">7. Colaboraci\u00f3n din\u00e1mica.<\/span><br \/><span style=\"font-family: arial, helvetica, sans-serif; font-size: 14pt;\">8. Aprendizaje activo y estrategias de aprendizaje.<\/span><br \/><span style=\"font-family: arial, helvetica, sans-serif; font-size: 14pt;\">9. Resiliencia, tolerancia al estr\u00e9s y flexibilidad.<\/span><br \/><span style=\"font-family: arial, helvetica, sans-serif; font-size: 14pt;\">10. Colaborar (Learning Agility).<\/span><br \/><span style=\"font-family: arial, helvetica, sans-serif; font-size: 14pt;\">11. Reflexionar (Learning Agility).<\/span><br \/><span style=\"font-family: arial, helvetica, sans-serif; font-size: 14pt;\">12. Agente de cambio.<\/span><br \/><span style=\"font-family: arial, helvetica, sans-serif; font-size: 14pt;\">13. Asumir riesgos de desempe\u00f1o.<\/span><\/p>\n<p><br \/><strong><span style=\"font-family: arial, helvetica, sans-serif; font-size: 14pt;\">M\u00f3dulo II. Conectividad Humana<\/span><\/strong><\/p>\n<p><strong><span style=\"font-family: arial, helvetica, sans-serif;\">Cantidad de competencia 13:<\/span><\/strong><\/p>\n<p style=\"text-align: left;\"><span style=\"font-family: arial, helvetica, sans-serif; font-size: 14pt;\">1.Pensamiento Cr\u00edtico y An\u00e1lisis.<\/span><br \/><span style=\"font-family: arial, helvetica, sans-serif; font-size: 14pt;\">2. Trabajo en Equipo y Cooperaci\u00f3n.<\/span><br \/><span style=\"font-family: arial, helvetica, sans-serif; font-size: 14pt;\">3. Liderazgo de Equipos (Emprendedurismo).<\/span><br \/><span style=\"font-family: arial, helvetica, sans-serif; font-size: 14pt;\">4. Colaboraci\u00f3n din\u00e1mica (Gesti\u00f3n Positiva del Cambio en tiempos VUCA).<\/span><br \/><span style=\"font-family: arial, helvetica, sans-serif; font-size: 14pt;\">5. Flexibilidad (Gesti\u00f3n Positiva del Cambio en tiempos VUCA).<\/span><br \/><span style=\"font-family: arial, helvetica, sans-serif; font-size: 14pt;\">6. <\/span><span style=\"font-family: arial, helvetica, sans-serif; font-size: 14pt;\">\u00a0Rapidez (Learning Agility).<\/span><br \/><span style=\"font-family: arial, helvetica, sans-serif; font-size: 14pt;\">7. Razonamiento, Resoluci\u00f3n De Problemas e Ideaci\u00f3n (Habilidades Del Futuro).<\/span><br \/><span style=\"font-family: arial, helvetica, sans-serif; font-size: 14pt;\">8. Liderazgo.<\/span><br \/><span style=\"font-family: arial, helvetica, sans-serif; font-size: 14pt;\">9. Sensibilidad Interpersonal.<\/span><br \/><span style=\"font-family: arial, helvetica, sans-serif; font-size: 14pt;\">10. Generaci\u00f3n de Clima.<\/span><br \/><span style=\"font-family: arial, helvetica, sans-serif; font-size: 14pt;\">11. Asumir riesgos interpersonales.<\/span><br \/><span style=\"font-family: arial, helvetica, sans-serif; font-size: 14pt;\">12. Empat\u00eda.<\/span><br \/><span style=\"font-family: arial, helvetica, sans-serif; font-size: 14pt;\">13. Rapidez (Learning Agility).<\/span><\/p>\n<p style=\"text-align: center;\"><strong><span style=\"font-family: arial, helvetica, sans-serif; font-size: 14pt;\">M\u00f3dulo III. Comunicaci\u00f3n En Las Ventas<\/span><\/strong><\/p>\n<p><strong><span style=\"font-family: arial, helvetica, sans-serif;\">Cantidad de competencia 11:<\/span><\/strong><\/p>\n<p style=\"text-align: left;\"><span style=\"font-family: arial, helvetica, sans-serif; font-size: 14pt;\">1.Comunicaci\u00f3n Impecable (Agilismo).<\/span><br \/><span style=\"font-family: arial, helvetica, sans-serif; font-size: 14pt;\">2. Retroalimentaci\u00f3n Iterativa (Agilismo).<\/span><br \/><span style=\"font-family: arial, helvetica, sans-serif; font-size: 14pt;\">3. Perseverancia (Emprendedurismo).<\/span><br \/><span style=\"font-family: arial, helvetica, sans-serif; font-size: 14pt;\">4. Sensibilidad Interpersonal (Gesti\u00f3n Positiva del Cambio en tiempos VUCA).<\/span><br \/><span style=\"font-family: arial, helvetica, sans-serif; font-size: 14pt;\">5. Autoconfianza (Emprendedurismo).<\/span><br \/><span style=\"font-family: arial, helvetica, sans-serif; font-size: 14pt;\">6. Reunir informaci\u00f3n (Learning Agility).<\/span><br \/><span style=\"font-family: arial, helvetica, sans-serif; font-size: 14pt;\">7. Experimentar (Learning Agility).<\/span><br \/><span style=\"font-family: arial, helvetica, sans-serif; font-size: 14pt;\">8. Escuchar a sus clientes.<\/span><br \/><span style=\"font-family: arial, helvetica, sans-serif; font-size: 14pt;\">9. Impecabilidad.<\/span><br \/><span style=\"font-family: arial, helvetica, sans-serif; font-size: 14pt;\">10. Conversaciones en las ventas.<\/span><br \/><span style=\"font-family: arial, helvetica, sans-serif; font-size: 14pt;\">11. Buscar retroalimentaci\u00f3n.<\/span><\/p>\n<p style=\"text-align: center;\"><strong><span style=\"font-family: arial, helvetica, sans-serif; font-size: 14pt;\">M\u00f3dulo IV. Negociaci\u00f3n Y Ventas<\/span><\/strong><\/p>\n<p><strong><span style=\"font-family: arial, helvetica, sans-serif;\">Cantidad de competencia 11:<\/span><\/strong><\/p>\n<p style=\"text-align: left;\"><span style=\"font-family: arial, helvetica, sans-serif; font-size: 14pt;\">1. Capacidad de Negociaci\u00f3n (Emprendedurismo).<\/span><br \/><span style=\"font-family: arial, helvetica, sans-serif; font-size: 14pt;\">2. Gesti\u00f3n del Riesgo (Emprendedurismo).<\/span><br \/><span style=\"font-family: arial, helvetica, sans-serif; font-size: 14pt;\">3. Prospectiva estrat\u00e9gica (Digital).<\/span><br \/><span style=\"font-family: arial, helvetica, sans-serif; font-size: 14pt;\">4. Pensamiento anal\u00edtico en innovaci\u00f3n (Digital).<\/span><br \/><span style=\"font-family: arial, helvetica, sans-serif; font-size: 14pt;\">5. Impacto e Influencia.<\/span><br \/><span style=\"font-family: arial, helvetica, sans-serif; font-size: 14pt;\">6. Orientaci\u00f3n al Cliente.<\/span><br \/><span style=\"font-family: arial, helvetica, sans-serif; font-size: 14pt;\">7. Orientaci\u00f3n al Mercado.<\/span><br \/><span style=\"font-family: arial, helvetica, sans-serif; font-size: 14pt;\">8. Visi\u00f3n Integral del Negocio.<\/span><br \/><span style=\"font-family: arial, helvetica, sans-serif; font-size: 14pt;\">9. Vocaci\u00f3n por la calidad de Productos y Proyectos.<\/span><br \/><span style=\"font-family: arial, helvetica, sans-serif; font-size: 14pt;\">10. Vulnerabilidad.<\/span><br \/><span style=\"font-family: arial, helvetica, sans-serif; font-size: 14pt;\">11. Orientaci\u00f3n Resultados.<\/span><\/p>\n","protected":false},"excerpt":{"rendered":"<p>Etapa 2. Taller Ventas En Crecimiento: 4 m\u00f3dulos. Temas: 57. Tiempo: 12 horas.\u00a0Cantidad de competencias 48: M\u00f3dulo I. Inside Del Ser Cantidad de competencia 13: 1. Iniciativa.2. Autoconfianza.3. Autocontrol.4. Resoluci\u00f3n de problemas y toma de decisiones.5. Trabajo colaborativo.6. Amortiguaci\u00f3n del cambio.7. Colaboraci\u00f3n din\u00e1mica.8. Aprendizaje activo y estrategias de aprendizaje.9. Resiliencia, tolerancia al estr\u00e9s y flexibilidad.10. Colaborar (Learning Agility).11. Reflexionar (Learning Agility).12. Agente de cambio.13. Asumir riesgos de desempe\u00f1o. M\u00f3dulo II. Conectividad Humana Cantidad de competencia 13: 1.Pensamiento Cr\u00edtico y An\u00e1lisis.2.&hellip;<\/p>\n","protected":false},"author":1,"featured_media":0,"parent":0,"menu_order":0,"comment_status":"closed","ping_status":"closed","template":"","meta":{"_joinchat":[],"footnotes":""},"class_list":["post-4863","page","type-page","status-publish","hentry"],"_links":{"self":[{"href":"https:\/\/eveliorojas.com\/index.php\/wp-json\/wp\/v2\/pages\/4863","targetHints":{"allow":["GET"]}}],"collection":[{"href":"https:\/\/eveliorojas.com\/index.php\/wp-json\/wp\/v2\/pages"}],"about":[{"href":"https:\/\/eveliorojas.com\/index.php\/wp-json\/wp\/v2\/types\/page"}],"author":[{"embeddable":true,"href":"https:\/\/eveliorojas.com\/index.php\/wp-json\/wp\/v2\/users\/1"}],"replies":[{"embeddable":true,"href":"https:\/\/eveliorojas.com\/index.php\/wp-json\/wp\/v2\/comments?post=4863"}],"version-history":[{"count":3,"href":"https:\/\/eveliorojas.com\/index.php\/wp-json\/wp\/v2\/pages\/4863\/revisions"}],"predecessor-version":[{"id":5406,"href":"https:\/\/eveliorojas.com\/index.php\/wp-json\/wp\/v2\/pages\/4863\/revisions\/5406"}],"wp:attachment":[{"href":"https:\/\/eveliorojas.com\/index.php\/wp-json\/wp\/v2\/media?parent=4863"}],"curies":[{"name":"wp","href":"https:\/\/api.w.org\/{rel}","templated":true}]}}