{"id":4909,"date":"2024-11-11T17:07:22","date_gmt":"2024-11-11T17:07:22","guid":{"rendered":"https:\/\/eveliorojas.com\/?page_id=4909"},"modified":"2025-08-01T21:10:41","modified_gmt":"2025-08-01T21:10:41","slug":"resultados-y-soluciones-del-pevac-b2c","status":"publish","type":"page","link":"https:\/\/eveliorojas.com\/index.php\/resultados-y-soluciones-del-pevac-b2c\/","title":{"rendered":"Resultados y Soluciones Del PEVAC B2B\u00a0"},"content":{"rendered":"\n<h3>Incremento Potencial en Resultados Comerciales<\/h3>\n<p><strong style=\"font-family: arial, helvetica, sans-serif; font-size: 14pt; text-align: left;\">A. Asumir Responsabilidad al 100% en el Rol de Ventas. <\/strong><span style=\"font-family: arial, helvetica, sans-serif; font-size: 14pt;\">Al aceptar la responsabilidad completa como profesionales en cada punto de contacto con el cliente, logramos un nivel de atenci\u00f3n que aumenta las experiencias positivas:<\/span><\/p>\n<ol>\n<li><span style=\"font-family: arial, helvetica, sans-serif;\">El incremento potencial en los resultados comerciales depende de varios factores como la implementaci\u00f3n de estrategias, la capacitaci\u00f3n efectiva del equipo, y el contexto del mercado. Con base en estudios y experiencias en programas similares, los siguientes resultados pueden lograrse:<\/span><\/li>\n<\/ol>\n<ul style=\"list-style-type: square;\">\n<li>\n<p><span style=\"font-family: arial, helvetica, sans-serif;\"><strong>Incremento en ventas:<\/strong><\/span><\/p>\n<span style=\"font-family: arial, helvetica, sans-serif;\">Un aumento <strong>entre el 20% y el 35%<\/strong> es posible al mejorar las competencias en ventas, negociaci\u00f3n y comunicaci\u00f3n.\u00a0<\/span><\/li>\n<\/ul>\n<ul>\n<li><span style=\"font-family: arial, helvetica, sans-serif;\"><strong>Incremento en la conversi\u00f3n de clientes potenciales:\u00a0 \u00a0 \u00a0 \u00a0 \u00a0 \u00a0 \u00a0 \u00a0 \u00a0 \u00a0 \u00a0 \u00a0 \u00a0 \u00a0 \u00a0 \u00a0 \u00a0 \u00a0 \u00a0 \u00a0 \u00a0 \u00a0 \u00a0 \u00a0 \u00a0 \u00a0 \u00a0 \u00a0 \u00a0 \u00a0 \u00a0 \u00a0 \u00a0 \u00a0 <\/strong><\/span><span style=\"font-family: arial, helvetica, sans-serif;\">Las tasas de conversi\u00f3n pueden mejorar <strong>entre un 10% y un 20%<\/strong>, lo que significa que m\u00e1s clientes potenciales se convertir\u00e1n en clientes reales.\u00a0 \u00a0 \u00a0 \u00a0 \u00a0 \u00a0 \u00a0 \u00a0 \u00a0 \u00a0 \u00a0 \u00a0 \u00a0 \u00a0 \u00a0 \u00a0 \u00a0 \u00a0 \u00a0 \u00a0 \u00a0 \u00a0 \u00a0 \u00a0 \u00a0 \u00a0 \u00a0 \u00a0 \u00a0 \u00a0 \u00a0 \u00a0 \u00a0 \u00a0 \u00a0 \u00a0 \u00a0 \u00a0 \u00a0 \u00a0 \u00a0 \u00a0 \u00a0 \u00a0 \u00a0 \u00a0 \u00a0 \u00a0 \u00a0 \u00a0 \u00a0 \u00a0 \u00a0 \u00a0 \u00a0 \u00a0 \u00a0 \u00a0 \u00a0<\/span><\/li>\n<li><strong style=\"font-family: arial, helvetica, sans-serif; font-size: revert; color: initial;\">Incremento en el ticket promedio:\u00a0 \u00a0 \u00a0 \u00a0 \u00a0 \u00a0 \u00a0 \u00a0 \u00a0 \u00a0 \u00a0 \u00a0 \u00a0 \u00a0 \u00a0 \u00a0 \u00a0 \u00a0 \u00a0 \u00a0 \u00a0 \u00a0 \u00a0 \u00a0 \u00a0 \u00a0 \u00a0 \u00a0 \u00a0 \u00a0 \u00a0 \u00a0 \u00a0 \u00a0 \u00a0 \u00a0 \u00a0 \u00a0 \u00a0 \u00a0 \u00a0 \u00a0 \u00a0 \u00a0 \u00a0 \u00a0 \u00a0 \u00a0 \u00a0 \u00a0<\/strong><span style=\"font-family: arial, helvetica, sans-serif;\">La mejora en las habilidades de venta puede aumentar el ticket promedio por cliente en <strong>10%-15%<\/strong>.<\/span><\/li>\n<\/ul>\n<h3><span style=\"font-family: arial, helvetica, sans-serif;\">Mejora en la Calidad de Atenci\u00f3n al Cliente y Fidelizaci\u00f3n<\/span><\/h3>\n<p><span style=\"font-family: arial, helvetica, sans-serif; font-size: 14pt;\"><b>2. <\/b><\/span><strong style=\"font-family: arial, helvetica, sans-serif; font-size: 14pt;\">El Cliente como Eje Central de la Organizaci\u00f3n.\u00a0<\/strong><span style=\"font-family: arial, helvetica, sans-serif; font-size: 14pt;\">Colocar al cliente como el \u201cbien mayor\u201d implica que cada acci\u00f3n y decisi\u00f3n est\u00e1 dirigida a su satisfacci\u00f3n, asegurando calidad en la atenci\u00f3n y una orientaci\u00f3n al cliente que incrementa su satisfacci\u00f3n.<\/span><\/p>\n<p><span style=\"font-family: arial, helvetica, sans-serif;\">La calidad de la atenci\u00f3n al cliente y la fidelizaci\u00f3n son factores cr\u00edticos para el \u00e9xito empresarial, y los programas de capacitaci\u00f3n pueden generar los siguientes resultados:<\/span><\/p>\n<ul>\n<li><span style=\"font-family: arial, helvetica, sans-serif;\"><strong>Mejora en la satisfacci\u00f3n del cliente:\u00a0 \u00a0 \u00a0 \u00a0 \u00a0 \u00a0 \u00a0 \u00a0 \u00a0 \u00a0 \u00a0 \u00a0 \u00a0 \u00a0 \u00a0 \u00a0 \u00a0 \u00a0 \u00a0 \u00a0 \u00a0 \u00a0 \u00a0 \u00a0 \u00a0 \u00a0 \u00a0 \u00a0 \u00a0 \u00a0 \u00a0 \u00a0 \u00a0 \u00a0 \u00a0 \u00a0 \u00a0 \u00a0 \u00a0 \u00a0 \u00a0 \u00a0 \u00a0 \u00a0 \u00a0 \u00a0 \u00a0<\/strong><\/span><span style=\"font-family: arial, helvetica, sans-serif;\">La satisfacci\u00f3n puede incrementarse en un <strong>30%-40%<\/strong>, medida a trav\u00e9s de indicadores como el NPS (Net Promoter Score).<\/span><\/li>\n<li><span style=\"font-family: arial, helvetica, sans-serif;\"><strong>Incremento en la fidelizaci\u00f3n:\u00a0 \u00a0 \u00a0 \u00a0 \u00a0 \u00a0 \u00a0 \u00a0 \u00a0 \u00a0 \u00a0 \u00a0 \u00a0 \u00a0 \u00a0 \u00a0 \u00a0 \u00a0 \u00a0 \u00a0 \u00a0 \u00a0 \u00a0 \u00a0 \u00a0 \u00a0 \u00a0 \u00a0 \u00a0 \u00a0 \u00a0 \u00a0 \u00a0 \u00a0 \u00a0 \u00a0 \u00a0 \u00a0 \u00a0 \u00a0 \u00a0 \u00a0 \u00a0 \u00a0 \u00a0 \u00a0 \u00a0 \u00a0 \u00a0 \u00a0 \u00a0 \u00a0 \u00a0 <\/strong><\/span><span style=\"font-family: arial, helvetica, sans-serif;\">La tasa de clientes recurrentes podr\u00eda crecer en un <strong>20%-25%<\/strong>, lo que se traduce en ingresos m\u00e1s predecibles.<\/span><\/li>\n<li><strong style=\"font-family: arial, helvetica, sans-serif; font-size: revert; color: initial;\">Reducci\u00f3n en quejas o problemas:\u00a0 \u00a0 \u00a0 \u00a0 \u00a0 \u00a0 \u00a0 \u00a0 \u00a0 \u00a0 \u00a0 \u00a0 \u00a0 \u00a0 \u00a0 \u00a0 \u00a0 \u00a0 \u00a0 \u00a0 \u00a0 \u00a0 \u00a0 \u00a0 \u00a0 \u00a0 \u00a0 \u00a0 \u00a0 \u00a0 \u00a0 \u00a0 \u00a0 \u00a0 \u00a0 \u00a0 \u00a0 \u00a0 \u00a0 \u00a0 \u00a0 \u00a0 \u00a0 \u00a0 \u00a0 \u00a0 \u00a0 \u00a0 \u00a0 \u00a0 <\/strong><span style=\"font-family: arial, helvetica, sans-serif;\">Las quejas relacionadas con la atenci\u00f3n podr\u00edan disminuir hasta en un <strong>50%<\/strong>, mejorando la percepci\u00f3n de marca y fortaleciendo la relaci\u00f3n con los clientes.<\/span><\/li>\n<li><strong style=\"font-family: arial, helvetica, sans-serif; font-size: revert; color: initial;\">Incremento en la recomendaci\u00f3n de clientes:\u00a0 \u00a0 \u00a0 \u00a0 \u00a0 \u00a0 \u00a0 \u00a0 \u00a0 \u00a0 \u00a0 \u00a0 \u00a0 \u00a0 \u00a0 \u00a0 \u00a0 \u00a0 \u00a0 \u00a0 \u00a0 \u00a0 \u00a0 \u00a0 \u00a0 \u00a0 \u00a0 \u00a0 \u00a0 \u00a0 \u00a0 \u00a0 \u00a0 \u00a0 \u00a0 \u00a0 \u00a0 \u00a0 \u00a0 \u00a0 \u00a0 <\/strong><span style=\"font-family: arial, helvetica, sans-serif;\">Los clientes satisfechos tienden a recomendar la empresa, incrementando los referidos en un <strong>15%-25%<\/strong>, lo que reduce el costo de adquisici\u00f3n de clientes (CPA).<\/span><\/li>\n<li style=\"list-style-type: none;\">\u00a0<\/li>\n<\/ul>\n<p style=\"text-align: left;\"><strong style=\"font-family: arial, helvetica, sans-serif; font-size: 14pt;\">3.Autoconocimiento para Potenciar el Desempe\u00f1o.\u00a0<\/strong><span style=\"font-family: arial, helvetica, sans-serif; font-size: 14pt;\">Este enfoque se centra en alinear las pasiones y habilidades del profesional con sus responsabilidades, logrando as\u00ed que cada acci\u00f3n est\u00e9 impulsada por una motivaci\u00f3n interna. Los profesionales que logran esta alineaci\u00f3n han visto un incremento en sus ventas superior al <\/span><strong style=\"font-family: arial, helvetica, sans-serif; font-size: 14pt;\">30%<\/strong><span style=\"font-family: arial, helvetica, sans-serif; font-size: 14pt;\">, destac\u00e1ndose por su alto desempe\u00f1o.\u00a0<\/span><\/p>\n<p style=\"text-align: left;\"><strong style=\"font-family: arial, helvetica, sans-serif; font-size: 14pt;\">4. Mentalidad de Crecimiento como Motor de Transformaci\u00f3n.\u00a0<\/strong><span style=\"font-family: arial, helvetica, sans-serif; font-size: 14pt;\">Profesionales con mentalidad de crecimiento convierten los desaf\u00edos en oportunidades de desarrollo, maximizando sus capacidades y rendimiento. Este enfoque impulsa las ventas y la efectividad, permitiendo superar obst\u00e1culos y lograr un aumento en ventas de m\u00e1s del <\/span><strong style=\"font-family: arial, helvetica, sans-serif; font-size: 14pt;\">30%<\/strong><span style=\"font-family: arial, helvetica, sans-serif; font-size: 14pt;\"> al transformar inhibidores en activadores del \u00e9xito.<\/span><\/p>\n<p style=\"text-align: left;\"><strong style=\"font-family: arial, helvetica, sans-serif; font-size: 14pt;\">5. Trabajo en Equipo para el \u00c9xito C<\/strong><span style=\"font-family: arial, helvetica, sans-serif; font-size: 14pt; background-color: #ffffff;\"><b>olaborativo.\u00a0<\/b><\/span><span style=\"font-family: arial, helvetica, sans-serif; font-size: 14pt;\">La colaboraci\u00f3n y el apoyo entre los miembros del equipo de ventas son fundamentales para compartir conocimientos y mejores pr\u00e1cticas, aumentando las ventas en m\u00e1s del <\/span><strong style=\"font-family: arial, helvetica, sans-serif; font-size: 14pt;\">30%<\/strong><span style=\"font-family: arial, helvetica, sans-serif; font-size: 14pt;\"> y la satisfacci\u00f3n del cliente en m\u00e1s del <\/span><strong style=\"font-family: arial, helvetica, sans-serif; font-size: 14pt;\">40%<\/strong><span style=\"font-family: arial, helvetica, sans-serif; font-size: 14pt;\">. Un equipo alineado y cohesionado facilita el logro de objetivos comunes, impactando positivamente en los resultados.\u00a0 <\/span><\/p>\n<p><a style=\"font-family: arial, helvetica, sans-serif; font-size: 14pt;\" href=\"https:\/\/eveliorojas.com\/index.php\/maria-guadalupe-rivera-testimonio\/\">Enlace de testimonio<\/a><\/p>\n\n\n\n<p><\/p>\n","protected":false},"excerpt":{"rendered":"<p>Incremento Potencial en Resultados Comerciales A. Asumir Responsabilidad al 100% en el Rol de Ventas. Al aceptar la responsabilidad completa como profesionales en cada punto de contacto con el cliente, logramos un nivel de atenci\u00f3n que aumenta las experiencias positivas: El incremento potencial en los resultados comerciales depende de varios factores como la implementaci\u00f3n de estrategias, la capacitaci\u00f3n efectiva del equipo, y el contexto del mercado. Con base en estudios y experiencias en programas similares, los siguientes resultados pueden lograrse:&hellip;<\/p>\n","protected":false},"author":1,"featured_media":0,"parent":0,"menu_order":0,"comment_status":"closed","ping_status":"closed","template":"","meta":{"_joinchat":[],"footnotes":""},"class_list":["post-4909","page","type-page","status-publish","hentry"],"_links":{"self":[{"href":"https:\/\/eveliorojas.com\/index.php\/wp-json\/wp\/v2\/pages\/4909","targetHints":{"allow":["GET"]}}],"collection":[{"href":"https:\/\/eveliorojas.com\/index.php\/wp-json\/wp\/v2\/pages"}],"about":[{"href":"https:\/\/eveliorojas.com\/index.php\/wp-json\/wp\/v2\/types\/page"}],"author":[{"embeddable":true,"href":"https:\/\/eveliorojas.com\/index.php\/wp-json\/wp\/v2\/users\/1"}],"replies":[{"embeddable":true,"href":"https:\/\/eveliorojas.com\/index.php\/wp-json\/wp\/v2\/comments?post=4909"}],"version-history":[{"count":5,"href":"https:\/\/eveliorojas.com\/index.php\/wp-json\/wp\/v2\/pages\/4909\/revisions"}],"predecessor-version":[{"id":5522,"href":"https:\/\/eveliorojas.com\/index.php\/wp-json\/wp\/v2\/pages\/4909\/revisions\/5522"}],"wp:attachment":[{"href":"https:\/\/eveliorojas.com\/index.php\/wp-json\/wp\/v2\/media?parent=4909"}],"curies":[{"name":"wp","href":"https:\/\/api.w.org\/{rel}","templated":true}]}}