{"id":639,"date":"2021-02-20T10:05:27","date_gmt":"2021-02-20T10:05:27","guid":{"rendered":"http:\/\/eveliorojas.com\/index.php\/stage-shows\/"},"modified":"2023-06-02T12:55:34","modified_gmt":"2023-06-02T12:55:34","slug":"consultoria","status":"publish","type":"page","link":"https:\/\/eveliorojas.com\/index.php\/consultoria\/","title":{"rendered":"Consultor\u00eda de Empresas"},"content":{"rendered":"\t\t<div data-elementor-type=\"wp-page\" data-elementor-id=\"639\" class=\"elementor elementor-639\">\n\t\t\t\t\t\t<section class=\"elementor-section elementor-top-section elementor-element elementor-element-0974adb elementor-section-height-min-height elementor-section-boxed elementor-section-height-default elementor-section-items-middle\" data-id=\"0974adb\" data-element_type=\"section\" data-settings=\"{&quot;background_background&quot;:&quot;classic&quot;}\">\n\t\t\t\t\t\t\t<div class=\"elementor-background-overlay\"><\/div>\n\t\t\t\t\t\t\t<div class=\"elementor-container elementor-column-gap-no\">\n\t\t\t\t\t<div class=\"elementor-column elementor-col-100 elementor-top-column elementor-element elementor-element-5bb59db\" data-id=\"5bb59db\" data-element_type=\"column\">\n\t\t\t<div class=\"elementor-widget-wrap elementor-element-populated\">\n\t\t\t\t\t\t\t<\/div>\n\t\t<\/div>\n\t\t\t\t\t<\/div>\n\t\t<\/section>\n\t\t\t\t<section class=\"elementor-section elementor-top-section elementor-element elementor-element-791ffcd elementor-section-boxed elementor-section-height-default elementor-section-height-default\" data-id=\"791ffcd\" data-element_type=\"section\" data-settings=\"{&quot;background_background&quot;:&quot;gradient&quot;}\">\n\t\t\t\t\t\t<div class=\"elementor-container elementor-column-gap-no\">\n\t\t\t\t\t<div class=\"elementor-column elementor-col-100 elementor-top-column elementor-element elementor-element-8931f4f\" data-id=\"8931f4f\" data-element_type=\"column\">\n\t\t\t<div class=\"elementor-widget-wrap elementor-element-populated\">\n\t\t\t\t\t\t<section class=\"elementor-section elementor-inner-section elementor-element elementor-element-5f259a9 elementor-section-boxed elementor-section-height-default elementor-section-height-default\" data-id=\"5f259a9\" data-element_type=\"section\">\n\t\t\t\t\t\t<div class=\"elementor-container elementor-column-gap-no\">\n\t\t\t\t\t<div class=\"elementor-column elementor-col-50 elementor-inner-column elementor-element elementor-element-f2089e6\" data-id=\"f2089e6\" data-element_type=\"column\">\n\t\t\t<div class=\"elementor-widget-wrap elementor-element-populated\">\n\t\t\t\t\t\t<div class=\"elementor-element elementor-element-a1ddb68 elementor-widget elementor-widget-heading\" data-id=\"a1ddb68\" data-element_type=\"widget\" data-widget_type=\"heading.default\">\n\t\t\t\t<div class=\"elementor-widget-container\">\n\t\t\t\t\t<h3 class=\"elementor-heading-title elementor-size-default\"><b>Consultor\u00edas de Empresas<\/b><br><b>en mercadeo y ventas<\/b><\/h3>\t\t\t\t<\/div>\n\t\t\t\t<\/div>\n\t\t\t\t<div class=\"elementor-element elementor-element-28f7abe elementor-widget elementor-widget-text-editor\" data-id=\"28f7abe\" data-element_type=\"widget\" data-widget_type=\"text-editor.default\">\n\t\t\t\t<div class=\"elementor-widget-container\">\n\t\t\t\t\t\t\t\t\t<p style=\"text-align: justify;\"><span style=\"font-family: arial, helvetica, sans-serif; color: #000000;\">Proveemos soluciones y resolvemos las problem\u00e1ticas comerciales o de capacitaci\u00f3n que afecten la utilidad de nuestros clientes, apuntando a la satisfacci\u00f3n total de los mismos e incremento de ventas. <\/span><br \/><span style=\"font-family: arial, helvetica, sans-serif; color: #000000;\">Tenemos una metodolog\u00eda para realizar crecimiento.<\/span><br \/><strong><span style=\"font-family: arial, helvetica, sans-serif; color: #000000;\"><span style=\"font-size: 14pt;\">Fase 1.<\/span> <\/span><\/strong><br \/><span style=\"font-family: arial, helvetica, sans-serif; color: #000000;\">A. Autoconocimiento, alineaci\u00f3n de las personas y colaboradores de sus singularidades, sus motivadores naturales. <\/span><br \/><span style=\"font-family: arial, helvetica, sans-serif; color: #000000;\">B. Diagn\u00f3stico de los resultados en mercadeo y ventas de los colaboradores en las organizaciones:<\/span><\/p><ul><li><span style=\"font-family: arial, helvetica, sans-serif; color: #000000;\">Gesti\u00f3n de la realidad: Significa donde estamos en estos momentos, es decir, una fotograf\u00eda del \u00e1rea a mejorar y definir a donde queremos llegar.\u00a0<\/span><\/li><li><span style=\"font-family: arial, helvetica, sans-serif; color: #000000;\">Gesti\u00f3n de las Posibilidades: Observamos los juicios, creencias, tipos de mentalidades que expanden y cierran posibilidades del \u00e1rea a mejorar. Definimos en que somos muy bueno, viendo los intangibles y f\u00edsico del negocio, los convertimos en una oferta excepcional de crecimiento.<\/span><\/li><\/ul><p style=\"text-align: justify;\"><span style=\"font-family: arial, helvetica, sans-serif; color: #000000;\">C. Plan de acci\u00f3n. <\/span><br \/><span style=\"font-family: arial, helvetica, sans-serif; color: #000000;\">D. Desempe\u00f1o, aprendizaje y acompa\u00f1amiento de la acci\u00f3n.<\/span><\/p>\t\t\t\t\t\t\t\t<\/div>\n\t\t\t\t<\/div>\n\t\t\t\t\t<\/div>\n\t\t<\/div>\n\t\t\t\t<div class=\"elementor-column elementor-col-50 elementor-inner-column elementor-element elementor-element-3c24972\" data-id=\"3c24972\" data-element_type=\"column\">\n\t\t\t<div class=\"elementor-widget-wrap elementor-element-populated\">\n\t\t\t\t\t\t<div class=\"elementor-element elementor-element-750dbf0 elementor-widget__width-initial elementor-widget elementor-widget-image\" data-id=\"750dbf0\" data-element_type=\"widget\" data-widget_type=\"image.default\">\n\t\t\t\t<div class=\"elementor-widget-container\">\n\t\t\t\t\t\t\t\t\t\t\t\t\t\t\t<img fetchpriority=\"high\" decoding=\"async\" width=\"640\" height=\"960\" src=\"https:\/\/eveliorojas.com\/wp-content\/uploads\/2023\/04\/Evelio-Rojas-Consultor-asesoria-mercadeo-y-ventas-768x1152.jpg\" class=\"attachment-medium_large size-medium_large wp-image-1430\" alt=\"\" srcset=\"https:\/\/eveliorojas.com\/wp-content\/uploads\/2023\/04\/Evelio-Rojas-Consultor-asesoria-mercadeo-y-ventas-768x1152.jpg 768w, https:\/\/eveliorojas.com\/wp-content\/uploads\/2023\/04\/Evelio-Rojas-Consultor-asesoria-mercadeo-y-ventas-200x300.jpg 200w, https:\/\/eveliorojas.com\/wp-content\/uploads\/2023\/04\/Evelio-Rojas-Consultor-asesoria-mercadeo-y-ventas-682x1024.jpg 682w, https:\/\/eveliorojas.com\/wp-content\/uploads\/2023\/04\/Evelio-Rojas-Consultor-asesoria-mercadeo-y-ventas-1024x1536.jpg 1024w, https:\/\/eveliorojas.com\/wp-content\/uploads\/2023\/04\/Evelio-Rojas-Consultor-asesoria-mercadeo-y-ventas.jpg 1333w\" sizes=\"(max-width: 640px) 100vw, 640px\" \/>\t\t\t\t\t\t\t\t\t\t\t\t\t\t\t<\/div>\n\t\t\t\t<\/div>\n\t\t\t\t\t<\/div>\n\t\t<\/div>\n\t\t\t\t\t<\/div>\n\t\t<\/section>\n\t\t\t\t\t<\/div>\n\t\t<\/div>\n\t\t\t\t\t<\/div>\n\t\t<\/section>\n\t\t\t\t<section class=\"elementor-section elementor-top-section elementor-element elementor-element-355633a elementor-section-boxed elementor-section-height-default elementor-section-height-default\" data-id=\"355633a\" data-element_type=\"section\">\n\t\t\t\t\t\t<div class=\"elementor-container elementor-column-gap-default\">\n\t\t\t\t\t<div class=\"elementor-column elementor-col-50 elementor-top-column elementor-element elementor-element-6f00f28\" data-id=\"6f00f28\" data-element_type=\"column\">\n\t\t\t<div class=\"elementor-widget-wrap elementor-element-populated\">\n\t\t\t\t\t\t<div class=\"elementor-element elementor-element-fb2c53c elementor-widget elementor-widget-image\" data-id=\"fb2c53c\" data-element_type=\"widget\" data-widget_type=\"image.default\">\n\t\t\t\t<div class=\"elementor-widget-container\">\n\t\t\t\t\t\t\t\t\t\t\t\t\t\t\t<img decoding=\"async\" width=\"640\" height=\"427\" src=\"https:\/\/eveliorojas.com\/wp-content\/uploads\/2023\/04\/Evelio-Rojas-Consultor-asesoria-mercadeo-y-ventas-1-1024x683.jpg\" class=\"attachment-large size-large wp-image-1442\" alt=\"\" srcset=\"https:\/\/eveliorojas.com\/wp-content\/uploads\/2023\/04\/Evelio-Rojas-Consultor-asesoria-mercadeo-y-ventas-1-1024x683.jpg 1024w, https:\/\/eveliorojas.com\/wp-content\/uploads\/2023\/04\/Evelio-Rojas-Consultor-asesoria-mercadeo-y-ventas-1-300x200.jpg 300w, https:\/\/eveliorojas.com\/wp-content\/uploads\/2023\/04\/Evelio-Rojas-Consultor-asesoria-mercadeo-y-ventas-1-768x512.jpg 768w, https:\/\/eveliorojas.com\/wp-content\/uploads\/2023\/04\/Evelio-Rojas-Consultor-asesoria-mercadeo-y-ventas-1-1536x1025.jpg 1536w, https:\/\/eveliorojas.com\/wp-content\/uploads\/2023\/04\/Evelio-Rojas-Consultor-asesoria-mercadeo-y-ventas-1.jpg 1920w\" sizes=\"(max-width: 640px) 100vw, 640px\" \/>\t\t\t\t\t\t\t\t\t\t\t\t\t\t\t<\/div>\n\t\t\t\t<\/div>\n\t\t\t\t\t<\/div>\n\t\t<\/div>\n\t\t\t\t<div class=\"elementor-column elementor-col-50 elementor-top-column elementor-element elementor-element-9367c9c\" data-id=\"9367c9c\" data-element_type=\"column\">\n\t\t\t<div class=\"elementor-widget-wrap elementor-element-populated\">\n\t\t\t\t\t\t<div class=\"elementor-element elementor-element-61a4362 elementor-widget elementor-widget-text-editor\" data-id=\"61a4362\" data-element_type=\"widget\" data-widget_type=\"text-editor.default\">\n\t\t\t\t<div class=\"elementor-widget-container\">\n\t\t\t\t\t\t\t\t\t<p style=\"text-align: justify;\"><strong><span style=\"font-family: arial, helvetica, sans-serif; color: #000000;\"><span style=\"font-size: 14pt;\">Fase 2.<\/span> <\/span><\/strong><\/p><p style=\"text-align: justify;\"><span style=\"font-family: arial, helvetica, sans-serif; color: #000000;\">Programa online, capacitaci\u00f3n personalizada con la mentalidad de crecimiento para colaboradores, profesionales y personas.<\/span><\/p><ul><li><span style=\"font-family: arial, helvetica, sans-serif; color: #000000;\">Programa 72 d\u00edas: El Viaje Al Crecimiento.<\/span><\/li><li><span style=\"font-family: arial, helvetica, sans-serif; color: #000000;\">Taller: Ventas en Crecimiento online de 12 horas.<\/span><\/li><li><span style=\"font-family: arial, helvetica, sans-serif; color: #000000;\">Entrenamiento <b>ESOEMPRENDE<\/b>. Proceso de coaching de 21 d\u00edas.<\/span><\/li><li><span style=\"font-family: arial, helvetica, sans-serif; color: #000000;\">Sesiones de coaching de equipo de ventas. Aprendizaje en la acci\u00f3n.<\/span><\/li><li><span style=\"font-family: arial, helvetica, sans-serif; color: #000000;\">Sesiones de Coaching ejecutivo de ventas.<\/span><\/li><\/ul>\t\t\t\t\t\t\t\t<\/div>\n\t\t\t\t<\/div>\n\t\t\t\t\t<\/div>\n\t\t<\/div>\n\t\t\t\t\t<\/div>\n\t\t<\/section>\n\t\t\t\t<\/div>\n\t\t","protected":false},"excerpt":{"rendered":"<p>Consultor\u00edas de Empresasen mercadeo y ventas Proveemos soluciones y resolvemos las problem\u00e1ticas comerciales o de capacitaci\u00f3n que afecten la utilidad de nuestros clientes, apuntando a la satisfacci\u00f3n total de los mismos e incremento de ventas. Tenemos una metodolog\u00eda para realizar crecimiento.Fase 1. A. Autoconocimiento, alineaci\u00f3n de las personas y colaboradores de sus singularidades, sus motivadores naturales. B. Diagn\u00f3stico de los resultados en mercadeo y ventas de los colaboradores en las organizaciones: Gesti\u00f3n de la realidad: Significa donde estamos en estos&hellip;<\/p>\n","protected":false},"author":1,"featured_media":0,"parent":0,"menu_order":0,"comment_status":"closed","ping_status":"closed","template":"","meta":{"_joinchat":[],"footnotes":""},"class_list":["post-639","page","type-page","status-publish","hentry"],"_links":{"self":[{"href":"https:\/\/eveliorojas.com\/index.php\/wp-json\/wp\/v2\/pages\/639","targetHints":{"allow":["GET"]}}],"collection":[{"href":"https:\/\/eveliorojas.com\/index.php\/wp-json\/wp\/v2\/pages"}],"about":[{"href":"https:\/\/eveliorojas.com\/index.php\/wp-json\/wp\/v2\/types\/page"}],"author":[{"embeddable":true,"href":"https:\/\/eveliorojas.com\/index.php\/wp-json\/wp\/v2\/users\/1"}],"replies":[{"embeddable":true,"href":"https:\/\/eveliorojas.com\/index.php\/wp-json\/wp\/v2\/comments?post=639"}],"version-history":[{"count":59,"href":"https:\/\/eveliorojas.com\/index.php\/wp-json\/wp\/v2\/pages\/639\/revisions"}],"predecessor-version":[{"id":4042,"href":"https:\/\/eveliorojas.com\/index.php\/wp-json\/wp\/v2\/pages\/639\/revisions\/4042"}],"wp:attachment":[{"href":"https:\/\/eveliorojas.com\/index.php\/wp-json\/wp\/v2\/media?parent=639"}],"curies":[{"name":"wp","href":"https:\/\/api.w.org\/{rel}","templated":true}]}}